{"id":63006,"date":"2024-10-10T11:08:10","date_gmt":"2024-10-10T08:08:10","guid":{"rendered":"https:\/\/www.visit-palanga.lt\/palanga-rekomenduoja\/"},"modified":"2025-10-01T04:54:33","modified_gmt":"2025-10-01T01:54:33","slug":"palanga-rekomenduoja","status":"publish","type":"page","link":"https:\/\/www.visit-palanga.lt\/ru\/palanga-rekomenduoja\/","title":{"rendered":"\u00ab\u041f\u0410\u041b\u0410\u041d\u0413\u0410 \u0420\u0415\u041a\u041e\u041c\u0415\u041d\u0414\u0423\u0415\u0422\u00bb"},"content":{"rendered":"<p><a href=\"https:\/\/www.visit-palanga.lt\/wp-content\/uploads\/2024\/10\/palanga-rekomenduoja.jpg\"><img loading=\"lazy\" decoding=\"async\" class=\" wp-image-46558\" src=\"https:\/\/www.visit-palanga.lt\/wp-content\/uploads\/2024\/10\/palanga-rekomenduoja.jpg\" alt=\"\" width=\"107\" height=\"107\" srcset=\"https:\/\/www.visit-palanga.lt\/wp-content\/uploads\/2024\/10\/palanga-rekomenduoja.jpg 591w, https:\/\/www.visit-palanga.lt\/wp-content\/uploads\/2024\/10\/palanga-rekomenduoja-300x300.jpg 300w, https:\/\/www.visit-palanga.lt\/wp-content\/uploads\/2024\/10\/palanga-rekomenduoja-150x150.jpg 150w, https:\/\/www.visit-palanga.lt\/wp-content\/uploads\/2024\/10\/palanga-rekomenduoja-100x100.jpg 100w\" sizes=\"auto, (max-width: 107px) 100vw, 107px\" \/><\/a><\/p>\n<p><em><strong>\u201ePALANGA REKOMENDUOJA\u201c<\/strong><\/em> \u2013 tai ne tik \u017eenklas, bet ir pa\u017eadas. Pa\u017eadas, kad kiekvienas lipdukas ant restorano\/kavin\u0117s\/baro dur\u0173 rei\u0161kia i\u0161skirtin\u0119 patirt\u012f, auk\u0161\u010diausi\u0105 kokyb\u0119 ir tikr\u0105j\u012f Palangos skon\u012f <strong>patikrint\u0105 vartotoj\u0173!<\/strong><\/p>\n<p>Palanga turi kuo did\u017eiuotis \u2013 nuo autenti\u0161k\u0173 vietini\u0173 patiekal\u0173 iki \u0161iuolaikini\u0173 skoni\u0173 atradim\u0173, o dabar norime visa tai pristatyti ir \u012fvertinti!<\/p>\n<p><em><strong>\u201ePALANGA REKOMENDUOJA\u201c<\/strong><\/em> yra nauja maitinimo \u012fstaig\u0173 vertinimo sistema, skirta ne tik turistams, bet ir vietiniams, ie\u0161kantiems nepamir\u0161tam\u0173 kulinarini\u0173 potyri\u0173.<\/p>\n<p><strong>Kas tai ir kaip veikia? <\/strong><\/p>\n<p><strong><em>\u201ePALANGA REKOMENDUOJA\u201c<\/em> <\/strong>\u2013 tai unikali vietini\u0173 restoran\u0173, kavini\u0173 ir bar\u0173 vertinimo sistema, kurioje svarbiausias balsas yra<strong> J\u016bs\u0173,<\/strong> lankytoj\u0173. Mes tikime, kad tikrieji miesto gastronomijos ekspertai esate J\u016bs \u2013 tie, kurie lankosi \u0161iose vietose, ragauja j\u0173 patiekalus ir patiria j\u0173 atmosfer\u0105.<\/p>\n<p>\u0160i sistema veikia remdamasi <strong>vartotoj\u0173 balsavimu<\/strong>: Mes rengiame vie\u0161\u0105 apklaus\u0105, kurioje visi gali balsuoti u\u017e savo m\u0117gstamiausius restoranus, kavines ir barus Palangoje. Kiekvienas dalyvis gali pasirinkti iki 5 geriausi\u0173 restoran\u0173, 5 geriausias kavines ir 3 geriausius barus, kurie, j\u0173 nuomone, verti <em><strong>\u201ePalanga Rekomenduoja\u201c<\/strong><\/em> lipduko. J\u016bs\u0173 balsai yra m\u016bs\u0173 vertinimo pagrindas \u2013 \u012fstaigos, surinkusios daugiausiai bals\u0173, bus pa\u017eym\u0117tos \u0161iuo lipduku.<\/p>\n<h3><strong><em>\u201ePALANGA REKOMENDUOJA\u201c<\/em> Lipduko reik\u0161m\u0117<\/strong><\/h3>\n<p><strong><em>\u201ePALANGA REKOMENDUOJA\u201c<\/em><\/strong> lipdukas \u2013 tai kokyb\u0117s ir autenti\u0161kumo \u017eenklas, kur\u012f gali gauti tik labiausiai lankytoj\u0173 vertinamos vietos. \u0160is lipdukas yra ne tik \u012fvertinimas, bet ir patikimumo garantija, rodanti, kad vieta atitinka auk\u0161\u010diausius standartus ir u\u017etikrina i\u0161skirtin\u0119 patirt\u012f.<\/p>\n<ul>\n<li><strong>Lankytojams<\/strong>: <em><strong>\u201ePALANGA REKOMENDUOJA\u201c<\/strong><\/em> lipdukas rei\u0161kia, kad pasirinkta vieta yra patikrinta ir pripa\u017einta tiek vietini\u0173, tiek miesto sve\u010di\u0173. Jis nurodo, kad \u010dia rasite auk\u0161tos kokyb\u0117s maist\u0105, draugi\u0161k\u0105 aptarnavim\u0105 ir maloni\u0105 atmosfer\u0105.<\/li>\n<li><strong>Restoranams, Kavin\u0117ms ir Barams<\/strong>: Gauti <strong><em>\u201ePALANGA REKOMENDUOJA\u201c<\/em><\/strong> lipduk\u0105 \u2013 tai did\u017eiulis \u012fvertinimas. Tai rodo, kad vieta yra vertinama tiek vietini\u0173, tiek turist\u0173 ir skatina juos siekti dar auk\u0161tesni\u0173 paslaug\u0173 kokyb\u0117s standart\u0173. Lipdukas padeda pritraukti daugiau lankytoj\u0173 ir didina vietos reputacij\u0105 bei presti\u017e\u0105.<\/li>\n<\/ul>\n<h3><strong>Kod\u0117l ir kaip dalyvauti <em>\u201ePALANGA REKOMENDUOJA\u201c<\/em> balsavime?<\/strong><\/h3>\n<p>Kvie\u010diame visus prisid\u0117ti prie Palangos skoni\u0173 \u017eem\u0117lapio k\u016brimo! J\u016bs\u0173 balsas yra labai svarbus \u2013 jis padeda i\u0161rinkti geriausias vietas, kurias verta aplankyti. Dalyvaudami balsavime, j\u016bs prisidedate prie vietini\u0173 restoran\u0173, kavini\u0173 ir bar\u0173 paslaug\u0173 kokyb\u0117s gerinimo ir padedate kitiems atrasti i\u0161skirtines kulinarines patirtis Palangoje.<\/p>\n<p>Nor\u0117dami balsuoti, u\u017epildykite apklausas ir i\u0161rinkite savo m\u0117gstamiausias vietas:<\/p>\n<p><em><strong>Apklausos nuorodos:<\/strong><\/em><\/p>\n<ul>\n<li><a href=\"https:\/\/forms.office.com\/pages\/responsepage.aspx?id=2le68xRanU-FKQ0yDibXUBvBHor2hy9Mrbr0Hsb5pwdUNzJRWVMyM1hIV1cyM1g5UkFKWUpZOU1ZSy4u&amp;route=shorturl\">Balsuk u\u017e 5 geriausius restoranu<\/a><\/li>\n<li><a href=\"https:\/\/forms.office.com\/pages\/responsepage.aspx?id=2le68xRanU-FKQ0yDibXUBvBHor2hy9Mrbr0Hsb5pwdUQTdOWjNaTVkwTDVWSko2WjFHME1UVkNPMC4u&amp;route=shorturl\">Balsuok u\u017e 5 geriausias kavines<\/a><\/li>\n<li><a href=\"https:\/\/forms.office.com\/pages\/responsepage.aspx?id=2le68xRanU-FKQ0yDibXUBvBHor2hy9Mrbr0Hsb5pwdUNlJOU0dSWk5ZTThOVVg5NVJCVTNTRDZCNS4u&amp;route=shorturl\">Balsuok u\u017e 3 geriausius barus<\/a><\/li>\n<\/ul>\n<p><span style=\"color: #0000ff;\"><strong>Balsavimas stabdomas lapkri\u010dio 15 d. ,<\/strong><\/span><\/p>\n<p>PALANGA REKOMENDUOJA \u017eenklas GALIOJA iki 2026-12-31.<\/p>\n<p><strong>Prisijunkite ir pad\u0117kite mums sukurti nepamir\u0161tam\u0173 potyri\u0173 <a href=\"https:\/\/www.google.com\/maps\/d\/u\/0\/embed?mid=17XgSyBak4gJ45uEXgvOuVNurupKuLt4&amp;hl=lt&amp;ehbc=2E312F%22\">\u017eem\u0117lap\u012f<\/a> Palangoje! \ud83c\udf1f<\/strong><\/p>\n","protected":false},"excerpt":{"rendered":"<p>\u201ePALANGA REKOMENDUOJA\u201c \u2013 tai ne tik \u017eenklas, bet ir pa\u017eadas. Pa\u017eadas, kad kiekvienas lipdukas ant restorano\/kavin\u0117s\/baro dur\u0173 rei\u0161kia i\u0161skirtin\u0119 patirt\u012f, auk\u0161\u010diausi\u0105 kokyb\u0119 ir tikr\u0105j\u012f Palangos skon\u012f patikrint\u0105 vartotoj\u0173! Palanga turi kuo did\u017eiuotis \u2013 nuo autenti\u0161k\u0173 vietini\u0173 patiekal\u0173 iki \u0161iuolaikini\u0173 skoni\u0173 atradim\u0173, o dabar norime visa tai pristatyti ir \u012fvertinti! \u201ePALANGA REKOMENDUOJA\u201c yra nauja maitinimo \u012fstaig\u0173 [&hellip;]<\/p>\n","protected":false},"author":2,"featured_media":0,"parent":0,"menu_order":0,"comment_status":"closed","ping_status":"closed","template":"templates\/page-text.php","meta":{"_acf_changed":false,"inline_featured_image":false,"footnotes":""},"class_list":["post-63006","page","type-page","status-publish","hentry"],"acf":{"tekstinis_puslapis_tekstas":"<img class=\" wp-image-51144 alignleft\" src=\"https:\/\/www.visit-palanga.lt\/wp-content\/uploads\/2025\/03\/Palanga-Maistas-Social-Post.jpg\" alt=\"\" width=\"228\" height=\"228\" \/>\r\n\r\n<b><i>\u00ab\u041f\u0410\u041b\u0410\u041d\u0413\u0410 \u0420\u0415\u041a\u041e\u041c\u0415\u041d\u0414\u0423\u0415\u0422\u00bb<\/i><\/b> \u2013 \u044d\u0442\u043e \u043d\u0435 \u0442\u043e\u043b\u044c\u043a\u043e \u0437\u043d\u0430\u043a, \u043d\u043e \u0438 \u043e\u0431\u0435\u0449\u0430\u043d\u0438\u0435. \u041e\u0431\u0435\u0449\u0430\u043d\u0438\u0435, \u0447\u0442\u043e \u043a\u0430\u0436\u0434\u044b\u0439 \u043d\u0430\u043a\u043b\u0435\u0439\u043a\u0430 \u043d\u0430 \u0434\u0432\u0435\u0440\u0438 \u0440\u0435\u0441\u0442\u043e\u0440\u0430\u043d\u0430\/\u043a\u0430\u0444\u0435\/\u0431\u0430\u0440\u0430 \u043e\u0437\u043d\u0430\u0447\u0430\u0435\u0442 \u0438\u0441\u043a\u043b\u044e\u0447\u0438\u0442\u0435\u043b\u044c\u043d\u044b\u0439 \u043e\u043f\u044b\u0442, \u0432\u044b\u0441\u043e\u0447\u0430\u0439\u0448\u0435\u0435 \u043a\u0430\u0447\u0435\u0441\u0442\u0432\u043e \u0438 \u043d\u0430\u0441\u0442\u043e\u044f\u0449\u0438\u0439 \u0432\u043a\u0443\u0441 \u041f\u0430\u043b\u0430\u043d\u0433\u0438, <b>\u043f\u0440\u043e\u0432\u0435\u0440\u0435\u043d\u043d\u044b\u0439 \u043f\u043e\u0442\u0440\u0435\u0431\u0438\u0442\u0435\u043b\u044f\u043c\u0438!<\/b>\r\n\r\n\u041f\u0430\u043b\u0430\u043d\u0433\u0430 \u043c\u043e\u0436\u0435\u0442 \u0433\u043e\u0440\u0434\u0438\u0442\u044c\u0441\u044f \u043c\u043d\u043e\u0433\u0438\u043c \u2013 \u043e\u0442 \u0430\u0443\u0442\u0435\u043d\u0442\u0438\u0447\u043d\u044b\u0445 \u043c\u0435\u0441\u0442\u043d\u044b\u0445 \u0431\u043b\u044e\u0434 \u0434\u043e \u0441\u043e\u0432\u0440\u0435\u043c\u0435\u043d\u043d\u044b\u0445 \u0432\u043a\u0443\u0441\u043e\u0432\u044b\u0445 \u043e\u0442\u043a\u0440\u044b\u0442\u0438\u0439, \u0438 \u0442\u0435\u043f\u0435\u0440\u044c \u043c\u044b \u0445\u043e\u0442\u0438\u043c \u043f\u0440\u0435\u0434\u0441\u0442\u0430\u0432\u0438\u0442\u044c \u0438 \u043e\u0446\u0435\u043d\u0438\u0442\u044c \u0432\u0441\u0435 \u044d\u0442\u043e!\r\n\r\n<b><i>\u00abPALANGA REKOMENDUOJA\u00bb<\/i><\/b> \u2013 \u044d\u0442\u043e \u043d\u043e\u0432\u0430\u044f \u0441\u0438\u0441\u0442\u0435\u043c\u0430 \u043e\u0446\u0435\u043d\u043a\u0438 \u0437\u0430\u0432\u0435\u0434\u0435\u043d\u0438\u0439 \u043e\u0431\u0449\u0435\u0441\u0442\u0432\u0435\u043d\u043d\u043e\u0433\u043e \u043f\u0438\u0442\u0430\u043d\u0438\u044f, \u043f\u0440\u0435\u0434\u043d\u0430\u0437\u043d\u0430\u0447\u0435\u043d\u043d\u0430\u044f \u043d\u0435 \u0442\u043e\u043b\u044c\u043a\u043e \u0434\u043b\u044f \u0442\u0443\u0440\u0438\u0441\u0442\u043e\u0432, \u043d\u043e \u0438 \u0434\u043b\u044f \u043c\u0435\u0441\u0442\u043d\u044b\u0445 \u0436\u0438\u0442\u0435\u043b\u0435\u0439, \u0438\u0449\u0443\u0449\u0438\u0445 \u043d\u0435\u0437\u0430\u0431\u044b\u0432\u0430\u0435\u043c\u044b\u0435 \u043a\u0443\u043b\u0438\u043d\u0430\u0440\u043d\u044b\u0435 \u0432\u043f\u0435\u0447\u0430\u0442\u043b\u0435\u043d\u0438\u044f.\r\n\r\n<strong>\u0427\u0442\u043e \u044d\u0442\u043e \u0442\u0430\u043a\u043e\u0435 \u0438 \u043a\u0430\u043a \u0440\u0430\u0431\u043e\u0442\u0430\u0435\u0442?<\/strong>\r\n\r\n<b><i>\u00abPALANGA REKOMENDUOJA\u00bb<\/i> <\/b>\u2013 \u044d\u0442\u043e \u0443\u043d\u0438\u043a\u0430\u043b\u044c\u043d\u0430\u044f \u0441\u0438\u0441\u0442\u0435\u043c\u0430 \u043e\u0446\u0435\u043d\u043a\u0438 \u043c\u0435\u0441\u0442\u043d\u044b\u0445 \u0440\u0435\u0441\u0442\u043e\u0440\u0430\u043d\u043e\u0432, \u043a\u0430\u0444\u0435 \u0438 \u0431\u0430\u0440\u043e\u0432, \u0432 \u043a\u043e\u0442\u043e\u0440\u043e\u0439 \u0433\u043b\u0430\u0432\u043d\u044b\u0439 \u0433\u043e\u043b\u043e\u0441 \u043f\u0440\u0438\u043d\u0430\u0434\u043b\u0435\u0436\u0438\u0442<b> \u0412\u0430\u043c,<\/b> \u043f\u043e\u0441\u0435\u0442\u0438\u0442\u0435\u043b\u044f\u043c. \u041c\u044b \u0432\u0435\u0440\u0438\u043c, \u0447\u0442\u043e \u043d\u0430\u0441\u0442\u043e\u044f\u0449\u0438\u0435 \u044d\u043a\u0441\u043f\u0435\u0440\u0442\u044b \u0433\u043e\u0440\u043e\u0434\u0441\u043a\u043e\u0439 \u0433\u0430\u0441\u0442\u0440\u043e\u043d\u043e\u043c\u0438\u0438 \u2013 \u044d\u0442\u043e \u0412\u044b, \u0442\u0435, \u043a\u0442\u043e \u043f\u043e\u0441\u0435\u0449\u0430\u0435\u0442 \u044d\u0442\u0438 \u0437\u0430\u0432\u0435\u0434\u0435\u043d\u0438\u044f, \u043f\u0440\u043e\u0431\u0443\u0435\u0442 \u0438\u0445 \u0431\u043b\u044e\u0434\u0430 \u0438 \u043d\u0430\u0441\u043b\u0430\u0436\u0434\u0430\u0435\u0442\u0441\u044f \u0438\u0445 \u0430\u0442\u043c\u043e\u0441\u0444\u0435\u0440\u043e\u0439.\r\n\r\n\u042d\u0442\u0430 \u0441\u0438\u0441\u0442\u0435\u043c\u0430 \u0440\u0430\u0431\u043e\u0442\u0430\u0435\u0442 \u043d\u0430 \u043e\u0441\u043d\u043e\u0432\u0435 <b>\u0433\u043e\u043b\u043e\u0441\u043e\u0432\u0430\u043d\u0438\u044f \u043f\u043e\u043b\u044c\u0437\u043e\u0432\u0430\u0442\u0435\u043b\u0435\u0439<\/b>: \u043c\u044b \u043f\u0440\u043e\u0432\u043e\u0434\u0438\u043c \u043e\u0442\u043a\u0440\u044b\u0442\u044b\u0439 \u043e\u043f\u0440\u043e\u0441, \u0432 \u043a\u043e\u0442\u043e\u0440\u043e\u043c \u0432\u0441\u0435 \u043c\u043e\u0433\u0443\u0442 \u043f\u0440\u043e\u0433\u043e\u043b\u043e\u0441\u043e\u0432\u0430\u0442\u044c \u0437\u0430 \u0441\u0432\u043e\u0438 \u043b\u044e\u0431\u0438\u043c\u044b\u0435 \u0440\u0435\u0441\u0442\u043e\u0440\u0430\u043d\u044b, \u043a\u0430\u0444\u0435 \u0438 \u0431\u0430\u0440\u044b \u0432 \u041f\u0430\u043b\u0430\u043d\u0433\u0435. \u041a\u0430\u0436\u0434\u044b\u0439 \u0443\u0447\u0430\u0441\u0442\u043d\u0438\u043a \u043c\u043e\u0436\u0435\u0442 \u0432\u044b\u0431\u0440\u0430\u0442\u044c \u0434\u043e 5 \u043b\u0443\u0447\u0448\u0438\u0445 \u0440\u0435\u0441\u0442\u043e\u0440\u0430\u043d\u043e\u0432, 5 \u043b\u0443\u0447\u0448\u0438\u0445 \u043a\u0430\u0444\u0435 \u0438 3 \u043b\u0443\u0447\u0448\u0438\u0445 \u0431\u0430\u0440\u0430, \u043a\u043e\u0442\u043e\u0440\u044b\u0435, \u043f\u043e \u0435\u0433\u043e \u043c\u043d\u0435\u043d\u0438\u044e, \u0437\u0430\u0441\u043b\u0443\u0436\u0438\u0432\u0430\u044e\u0442 \u043d\u0430\u043a\u043b\u0435\u0439\u043a\u0443 <b><i>\u00ab\u041f\u0410\u041b\u0410\u041d\u0413\u0410 \u0420\u0415\u041a\u041e\u041c\u0415\u041d\u0414\u0423\u0415\u0422\u00bb<\/i><\/b>. \u0412\u0430\u0448\u0438 \u0433\u043e\u043b\u043e\u0441\u0430 \u044f\u0432\u043b\u044f\u044e\u0442\u0441\u044f \u043e\u0441\u043d\u043e\u0432\u043e\u0439 \u0434\u043b\u044f \u043d\u0430\u0448\u0435\u0439 \u043e\u0446\u0435\u043d\u043a\u0438 \u2013 \u0437\u0430\u0432\u0435\u0434\u0435\u043d\u0438\u044f, \u043d\u0430\u0431\u0440\u0430\u0432\u0448\u0438\u0435 \u043d\u0430\u0438\u0431\u043e\u043b\u044c\u0448\u0435\u0435 \u043a\u043e\u043b\u0438\u0447\u0435\u0441\u0442\u0432\u043e \u0433\u043e\u043b\u043e\u0441\u043e\u0432, \u0431\u0443\u0434\u0443\u0442 \u043e\u0442\u043c\u0435\u0447\u0435\u043d\u044b \u044d\u0442\u043e\u0439 \u043d\u0430\u043a\u043b\u0435\u0439\u043a\u043e\u0439.\r\n<h3><b><i>\u00ab\u041f\u0410\u041b\u0410\u041d\u0413\u0410 \u0420\u0415\u041a\u041e\u041c\u0415\u041d\u0414\u0423\u0415\u0422\u00bb<\/i> \u0417\u043d\u0430\u0447\u0435\u043d\u0438\u0435 \u043d\u0430\u043a\u043b\u0435\u0439\u043a\u0438<\/b><\/h3>\r\n<b><i>\u041d\u0430\u043a\u043b\u0435\u0439\u043a\u0430 \u00abPALANGA REKOMENDUOJA\u00bb<\/i><\/b> \u2013 \u044d\u0442\u043e \u0437\u043d\u0430\u043a \u043a\u0430\u0447\u0435\u0441\u0442\u0432\u0430 \u0438 \u0430\u0443\u0442\u0435\u043d\u0442\u0438\u0447\u043d\u043e\u0441\u0442\u0438, \u043a\u043e\u0442\u043e\u0440\u044b\u0439 \u043c\u043e\u0433\u0443\u0442 \u043f\u043e\u043b\u0443\u0447\u0438\u0442\u044c \u0442\u043e\u043b\u044c\u043a\u043e \u0441\u0430\u043c\u044b\u0435 \u043f\u043e\u043f\u0443\u043b\u044f\u0440\u043d\u044b\u0435 \u0441\u0440\u0435\u0434\u0438 \u043f\u043e\u0441\u0435\u0442\u0438\u0442\u0435\u043b\u0435\u0439 \u043c\u0435\u0441\u0442\u0430. \u042d\u0442\u0430 \u043d\u0430\u043a\u043b\u0435\u0439\u043a\u0430 \u2013 \u043d\u0435 \u0442\u043e\u043b\u044c\u043a\u043e \u043e\u0446\u0435\u043d\u043a\u0430, \u043d\u043e \u0438 \u0433\u0430\u0440\u0430\u043d\u0442\u0438\u044f \u043d\u0430\u0434\u0435\u0436\u043d\u043e\u0441\u0442\u0438, \u043f\u043e\u043a\u0430\u0437\u044b\u0432\u0430\u044e\u0449\u0430\u044f, \u0447\u0442\u043e \u043c\u0435\u0441\u0442\u043e \u0441\u043e\u043e\u0442\u0432\u0435\u0442\u0441\u0442\u0432\u0443\u0435\u0442 \u0441\u0430\u043c\u044b\u043c \u0432\u044b\u0441\u043e\u043a\u0438\u043c \u0441\u0442\u0430\u043d\u0434\u0430\u0440\u0442\u0430\u043c \u0438 \u043e\u0431\u0435\u0441\u043f\u0435\u0447\u0438\u0432\u0430\u0435\u0442 \u0438\u0441\u043a\u043b\u044e\u0447\u0438\u0442\u0435\u043b\u044c\u043d\u044b\u0439 \u043e\u043f\u044b\u0442.\r\n<ul>\r\n \t<li><b>\u0414\u043b\u044f \u043f\u043e\u0441\u0435\u0442\u0438\u0442\u0435\u043b\u0435\u0439<\/b>: <b><i>\u041d\u0430\u043a\u043b\u0435\u0439\u043a\u0430 \u00ab\u041f\u0410\u041b\u0410\u041d\u0413\u0410 \u0420\u0415\u041a\u041e\u041c\u0415\u041d\u0414\u0423\u0415\u0422\u00bb<\/i><\/b> \u043e\u0437\u043d\u0430\u0447\u0430\u0435\u0442, \u0447\u0442\u043e \u0432\u044b\u0431\u0440\u0430\u043d\u043d\u043e\u0435 \u043c\u0435\u0441\u0442\u043e \u043f\u0440\u043e\u0432\u0435\u0440\u0435\u043d\u043e \u0438 \u043f\u0440\u0438\u0437\u043d\u0430\u043d\u043e \u043a\u0430\u043a \u043c\u0435\u0441\u0442\u043d\u044b\u043c\u0438 \u0436\u0438\u0442\u0435\u043b\u044f\u043c\u0438, \u0442\u0430\u043a \u0438 \u0433\u043e\u0441\u0442\u044f\u043c\u0438 \u0433\u043e\u0440\u043e\u0434\u0430. \u041e\u043d\u0430 \u0443\u043a\u0430\u0437\u044b\u0432\u0430\u0435\u0442, \u0447\u0442\u043e \u0437\u0434\u0435\u0441\u044c \u0432\u044b \u043d\u0430\u0439\u0434\u0435\u0442\u0435 \u0432\u044b\u0441\u043e\u043a\u043e\u043a\u0430\u0447\u0435\u0441\u0442\u0432\u0435\u043d\u043d\u0443\u044e \u0435\u0434\u0443, \u0434\u0440\u0443\u0436\u0435\u043b\u044e\u0431\u043d\u043e\u0435 \u043e\u0431\u0441\u043b\u0443\u0436\u0438\u0432\u0430\u043d\u0438\u0435 \u0438 \u043f\u0440\u0438\u044f\u0442\u043d\u0443\u044e \u0430\u0442\u043c\u043e\u0441\u0444\u0435\u0440\u0443.<\/li>\r\n \t<li><b>\u0420\u0435\u0441\u0442\u043e\u0440\u0430\u043d\u0430\u043c, \u043a\u0430\u0444\u0435 \u0438 \u0431\u0430\u0440\u0430\u043c<\/b>: \u041f\u043e\u043b\u0443\u0447\u0438\u0442\u044c \u043d\u0430\u043a\u043b\u0435\u0439\u043a\u0443 <b><i>\u00abPALANGA REKOMENDUOJA\u00bb<\/i><\/b> \u2013 \u044d\u0442\u043e \u043e\u0433\u0440\u043e\u043c\u043d\u0430\u044f \u0447\u0435\u0441\u0442\u044c. \u041e\u043d\u0430 \u043e\u0437\u043d\u0430\u0447\u0430\u0435\u0442, \u0447\u0442\u043e \u0437\u0430\u0432\u0435\u0434\u0435\u043d\u0438\u0435 \u0446\u0435\u043d\u0438\u0442\u0441\u044f \u043a\u0430\u043a \u043c\u0435\u0441\u0442\u043d\u044b\u043c\u0438 \u0436\u0438\u0442\u0435\u043b\u044f\u043c\u0438, \u0442\u0430\u043a \u0438 \u0442\u0443\u0440\u0438\u0441\u0442\u0430\u043c\u0438, \u0438 \u043f\u043e\u0431\u0443\u0436\u0434\u0430\u0435\u0442 \u0435\u0433\u043e \u0441\u0442\u0440\u0435\u043c\u0438\u0442\u044c\u0441\u044f \u043a \u0435\u0449\u0435 \u0431\u043e\u043b\u0435\u0435 \u0432\u044b\u0441\u043e\u043a\u0438\u043c \u0441\u0442\u0430\u043d\u0434\u0430\u0440\u0442\u0430\u043c \u043a\u0430\u0447\u0435\u0441\u0442\u0432\u0430 \u043e\u0431\u0441\u043b\u0443\u0436\u0438\u0432\u0430\u043d\u0438\u044f. \u041d\u0430\u043a\u043b\u0435\u0439\u043a\u0430 \u043f\u043e\u043c\u043e\u0433\u0430\u0435\u0442 \u043f\u0440\u0438\u0432\u043b\u0435\u0447\u044c \u0431\u043e\u043b\u044c\u0448\u0435 \u043f\u043e\u0441\u0435\u0442\u0438\u0442\u0435\u043b\u0435\u0439 \u0438 \u043f\u043e\u0432\u044b\u0448\u0430\u0435\u0442 \u0440\u0435\u043f\u0443\u0442\u0430\u0446\u0438\u044e \u0438 \u043f\u0440\u0435\u0441\u0442\u0438\u0436 \u0437\u0430\u0432\u0435\u0434\u0435\u043d\u0438\u044f.<\/li>\r\n<\/ul>\r\n<h3><b>\u041f\u043e\u0447\u0435\u043c\u0443 \u0438 \u043a\u0430\u043a \u043f\u0440\u0438\u043d\u044f\u0442\u044c \u0443\u0447\u0430\u0441\u0442\u0438\u0435 <i>\u0432 \u0433\u043e\u043b\u043e\u0441\u043e\u0432\u0430\u043d\u0438\u0438 \u00ab\u041f\u0410\u041b\u0410\u041d\u0413\u0410 \u0420\u0415\u041a\u041e\u041c\u0415\u041d\u0414\u0423\u0415\u0422\u00bb<\/i>?<\/b><\/h3>\r\n\u041f\u0440\u0438\u0433\u043b\u0430\u0448\u0430\u0435\u043c \u0432\u0441\u0435\u0445 \u043f\u0440\u0438\u043d\u044f\u0442\u044c \u0443\u0447\u0430\u0441\u0442\u0438\u0435 \u0432 \u0441\u043e\u0437\u0434\u0430\u043d\u0438\u0438 \u043a\u0430\u0440\u0442\u044b \u0432\u043a\u0443\u0441\u043e\u0432 \u041f\u0430\u043b\u0430\u043d\u0433\u0438! \u0412\u0430\u0448 \u0433\u043e\u043b\u043e\u0441 \u043e\u0447\u0435\u043d\u044c \u0432\u0430\u0436\u0435\u043d \u2013 \u043e\u043d \u043f\u043e\u043c\u043e\u0433\u0430\u0435\u0442 \u0432\u044b\u0431\u0440\u0430\u0442\u044c \u043b\u0443\u0447\u0448\u0438\u0435 \u043c\u0435\u0441\u0442\u0430, \u043a\u043e\u0442\u043e\u0440\u044b\u0435 \u0441\u0442\u043e\u0438\u0442 \u043f\u043e\u0441\u0435\u0442\u0438\u0442\u044c. \u0423\u0447\u0430\u0441\u0442\u0432\u0443\u044f \u0432 \u0433\u043e\u043b\u043e\u0441\u043e\u0432\u0430\u043d\u0438\u0438, \u0432\u044b \u0441\u043f\u043e\u0441\u043e\u0431\u0441\u0442\u0432\u0443\u0435\u0442\u0435 \u0443\u043b\u0443\u0447\u0448\u0435\u043d\u0438\u044e \u043a\u0430\u0447\u0435\u0441\u0442\u0432\u0430 \u0443\u0441\u043b\u0443\u0433 \u043c\u0435\u0441\u0442\u043d\u044b\u0445 \u0440\u0435\u0441\u0442\u043e\u0440\u0430\u043d\u043e\u0432, \u043a\u0430\u0444\u0435 \u0438 \u0431\u0430\u0440\u043e\u0432 \u0438 \u043f\u043e\u043c\u043e\u0433\u0430\u0435\u0442\u0435 \u0434\u0440\u0443\u0433\u0438\u043c \u043e\u0442\u043a\u0440\u044b\u0442\u044c \u0434\u043b\u044f \u0441\u0435\u0431\u044f \u0438\u0441\u043a\u043b\u044e\u0447\u0438\u0442\u0435\u043b\u044c\u043d\u044b\u0435 \u043a\u0443\u043b\u0438\u043d\u0430\u0440\u043d\u044b\u0435 \u0432\u043f\u0435\u0447\u0430\u0442\u043b\u0435\u043d\u0438\u044f \u0432 \u041f\u0430\u043b\u0430\u043d\u0433\u0435.\r\n\r\n\u0427\u0442\u043e\u0431\u044b \u043f\u0440\u043e\u0433\u043e\u043b\u043e\u0441\u043e\u0432\u0430\u0442\u044c, \u0437\u0430\u043f\u043e\u043b\u043d\u0438\u0442\u0435 \u0430\u043d\u043a\u0435\u0442\u0443 \u0438 \u0432\u044b\u0431\u0435\u0440\u0438\u0442\u0435 \u0441\u0432\u043e\u0438 \u043b\u044e\u0431\u0438\u043c\u044b\u0435 \u043c\u0435\u0441\u0442\u0430:\r\n\r\n<em><strong>\u0421\u0441\u044b\u043b\u043a\u0438 \u043d\u0430 \u0430\u043d\u043a\u0435\u0442\u044b:<\/strong><\/em>\r\n<ul>\r\n \t<li><a href=\"https:\/\/forms.office.com\/pages\/responsepage.aspx?id=2le68xRanU-FKQ0yDibXUBvBHor2hy9Mrbr0Hsb5pwdUNzJRWVMyM1hIV1cyM1g5UkFKWUpZOU1ZSy4u&amp;route=shorturl\">\u041f\u0440\u043e\u0433\u043e\u043b\u043e\u0441\u0443\u0439\u0442\u0435 \u0437\u0430 5 \u043b\u0443\u0447\u0448\u0438\u0445 \u0440\u0435\u0441\u0442\u043e\u0440\u0430\u043d\u043e\u0432<\/a><\/li>\r\n \t<li><a href=\"https:\/\/forms.office.com\/pages\/responsepage.aspx?id=2le68xRanU-FKQ0yDibXUBvBHor2hy9Mrbr0Hsb5pwdUQTdOWjNaTVkwTDVWSko2WjFHME1UVkNPMC4u&amp;route=shorturl\">\u041f\u0440\u043e\u0433\u043e\u043b\u043e\u0441\u0443\u0439\u0442\u0435 \u0437\u0430 5 \u043b\u0443\u0447\u0448\u0438\u0445 \u043a\u0430\u0444\u0435<\/a><\/li>\r\n \t<li><a href=\"https:\/\/forms.office.com\/pages\/responsepage.aspx?id=2le68xRanU-FKQ0yDibXUBvBHor2hy9Mrbr0Hsb5pwdUNlJOU0dSWk5ZTThOVVg5NVJCVTNTRDZCNS4u&amp;route=shorturl\">\u041f\u0440\u043e\u0433\u043e\u043b\u043e\u0441\u0443\u0439\u0442\u0435 \u0437\u0430 3 \u043b\u0443\u0447\u0448\u0438\u0445 \u0431\u0430\u0440\u0430<\/a><\/li>\r\n<\/ul>\r\n<strong>\u0413\u043e\u043b\u043e\u0441\u043e\u0432\u0430\u043d\u0438\u0435 \u043f\u0440\u0435\u043a\u0440\u0430\u0449\u0430\u0435\u0442\u0441\u044f 15 \u043d\u043e\u044f\u0431\u0440\u044f.<\/strong>\r\n\r\n\u0417\u043d\u0430\u043a \u00ab\u041f\u0410\u041b\u0410\u041d\u0413\u0410 \u0420\u0415\u041a\u041e\u041c\u0415\u041d\u0414\u0423\u0415\u0422\u00bb \u0414\u0415\u0419\u0421\u0422\u0412\u0418\u0422\u0415\u041b\u042c\u041d\u041e \u0434\u043e 31.12.2026.\r\n\r\n<b>\u041f\u0440\u0438\u0441\u043e\u0435\u0434\u0438\u043d\u044f\u0439\u0442\u0435\u0441\u044c \u0438 \u043f\u043e\u043c\u043e\u0433\u0438\u0442\u0435 \u043d\u0430\u043c \u0441\u043e\u0437\u0434\u0430\u0442\u044c <\/b><a href=\"https:\/\/www.google.com\/maps\/d\/u\/0\/embed?mid=17XgSyBak4gJ45uEXgvOuVNurupKuLt4&amp;hl=lt&amp;ehbc=2E312F%22\"><b>\u043a\u0430\u0440\u0442\u0443<\/b><\/a> \u043d\u0435\u0437\u0430\u0431\u044b\u0432\u0430\u0435\u043c\u044b\u0445 \u0432\u043f\u0435\u0447\u0430\u0442\u043b\u0435\u043d\u0438\u0439 \u0432 \u041f\u0430\u043b\u0430\u043d\u0433\u0435! \ud83c\udf1f"},"_links":{"self":[{"href":"https:\/\/www.visit-palanga.lt\/ru\/wp-json\/wp\/v2\/pages\/63006","targetHints":{"allow":["GET"]}}],"collection":[{"href":"https:\/\/www.visit-palanga.lt\/ru\/wp-json\/wp\/v2\/pages"}],"about":[{"href":"https:\/\/www.visit-palanga.lt\/ru\/wp-json\/wp\/v2\/types\/page"}],"author":[{"embeddable":true,"href":"https:\/\/www.visit-palanga.lt\/ru\/wp-json\/wp\/v2\/users\/2"}],"replies":[{"embeddable":true,"href":"https:\/\/www.visit-palanga.lt\/ru\/wp-json\/wp\/v2\/comments?post=63006"}],"version-history":[{"count":2,"href":"https:\/\/www.visit-palanga.lt\/ru\/wp-json\/wp\/v2\/pages\/63006\/revisions"}],"predecessor-version":[{"id":63015,"href":"https:\/\/www.visit-palanga.lt\/ru\/wp-json\/wp\/v2\/pages\/63006\/revisions\/63015"}],"wp:attachment":[{"href":"https:\/\/www.visit-palanga.lt\/ru\/wp-json\/wp\/v2\/media?parent=63006"}],"curies":[{"name":"wp","href":"https:\/\/api.w.org\/{rel}","templated":true}]}}