{"id":51107,"date":"2025-02-28T14:28:16","date_gmt":"2025-02-28T12:28:16","guid":{"rendered":"https:\/\/www.visit-palanga.lt\/?page_id=51107"},"modified":"2025-06-01T14:18:55","modified_gmt":"2025-06-01T11:18:55","slug":"%d0%bf%d1%80%d0%be%d0%b5%d0%ba%d1%82-%d0%ba%d1%83%d1%80%d0%be%d1%80%d1%82%d0%bd%d0%be%d0%b5-%d0%bd%d0%b0%d1%81%d0%bb%d0%b5%d0%b4%d0%b8%d0%b5-%d0%bf%d0%be-%d1%83%d0%bc%d0%bd%d0%be%d0%bc%d1%83","status":"publish","type":"page","link":"https:\/\/www.visit-palanga.lt\/ru\/%d0%be-%d1%82%d0%b8%d1%86-%d0%bf%d0%b0%d0%bb%d0%b0%d0%bd%d0%b3%d0%b8\/%d1%80%d0%b5%d0%b0%d0%bb%d0%b8%d0%b7%d0%be%d0%b2%d0%b0%d0%bd%d0%bd%d1%8b%d0%b5-%d0%bf%d1%80%d0%be%d0%b5%d0%ba%d1%82%d1%8b\/%d0%bf%d1%80%d0%be%d0%b5%d0%ba%d1%82-%d0%ba%d1%83%d1%80%d0%be%d1%80%d1%82%d0%bd%d0%be%d0%b5-%d0%bd%d0%b0%d1%81%d0%bb%d0%b5%d0%b4%d0%b8%d0%b5-%d0%bf%d0%be-%d1%83%d0%bc%d0%bd%d0%be%d0%bc%d1%83\/","title":{"rendered":"\u041f\u0440\u043e\u0435\u043a\u0442 \u00ab\u041a\u0443\u0440\u043e\u0440\u0442\u043d\u043e\u0435 \u043d\u0430\u0441\u043b\u0435\u0434\u0438\u0435 \u043f\u043e-\u0443\u043c\u043d\u043e\u043c\u0443\u00bb"},"content":{"rendered":"","protected":false},"excerpt":{"rendered":"","protected":false},"author":2,"featured_media":0,"parent":22479,"menu_order":0,"comment_status":"closed","ping_status":"closed","template":"templates\/page-text.php","meta":{"_acf_changed":false,"inline_featured_image":false,"footnotes":""},"class_list":["post-51107","page","type-page","status-publish","hentry"],"acf":{"tekstinis_puslapis_tekstas":"<strong>\u041f\u0440\u043e\u0435\u043a\u0442 \u00ab\u041f\u0443\u0442\u0435\u0448\u0435\u0441\u0442\u0432\u0438\u0435 \u044f\u043d\u0442\u0430\u0440\u044f\u00bb<\/strong>\r\n\r\n<img class=\"alignnone size-medium wp-image-22614\" src=\"https:\/\/www.visit-palanga.lt\/wp-content\/uploads\/2022\/04\/logotipas-5809-300x190.jpg\" alt=\"\" width=\"300\" height=\"190\" \/>\r\n\r\n\u041f\u0443\u0442\u0435\u0448\u0435\u0441\u0442\u0432\u0438\u0435 \u044f\u043d\u0442\u0430\u0440\u044f \u2014 \u043e\u0431\u0449\u0438\u0439 \u043f\u0440\u043e\u0435\u043a\u0442 \u0441\u0430\u043c\u043e\u0443\u043f\u0440\u0430\u0432\u043b\u0435\u043d\u0438\u044f \u0433\u043e\u0440\u043e\u0434\u0430 \u041f\u0430\u043b\u0430\u043d\u0433\u0438, \u0438 \u043a\u0443\u0440\u043e\u0440\u0442\u0430 \u041d\u0435\u0440\u0438\u043d\u0433\u0438, \u0446\u0435\u043b\u044c\u044e \u043a\u043e\u0442\u043e\u0440\u043e\u0433\u043e \u044f\u0432\u043b\u044f\u0435\u0442\u0441\u044f \u043f\u043e\u0432\u044b\u0448\u0435\u043d\u0438\u0435 \u0438\u0437\u0432\u0435\u0441\u0442\u043d\u043e\u0441\u0442\u0438 \u0438 \u043f\u043e\u0441\u0435\u0449\u0430\u0435\u043c\u043e\u0441\u0442\u0438 \u0441\u0432\u044f\u0437\u0430\u043d\u043d\u044b\u0445 \u0441 \u044f\u043d\u0442\u0430\u0440\u0451\u043c \u043e\u0431\u044a\u0435\u043a\u0442\u043e\u0432 \u043a\u0443\u043b\u044c\u0442\u0443\u0440\u044b \u0438 \u043f\u0440\u0438\u0440\u043e\u0434\u043d\u043e\u0433\u043e \u043d\u0430\u0441\u043b\u0435\u0434\u0438\u044f \u043a\u0443\u0440\u043e\u0440\u0442\u043e\u0432. \u0426\u0435\u043b\u044c \u0434\u043e\u0441\u0442\u0438\u0433\u0430\u0435\u0442\u0441\u044f \u043f\u0440\u0438\u0432\u043b\u0435\u043a\u0430\u044f \u0441\u043e\u0432\u0440\u0435\u043c\u0435\u043d\u043d\u044b\u0435 \u044d\u043b\u0435\u043a\u0442\u0440\u043e\u043d\u043d\u044b\u0435 \u0441\u0440\u0435\u0434\u0441\u0442\u0432\u0430, \u0434\u043b\u044f \u0442\u043e\u0433\u043e \u0441\u043e\u0437\u0434\u0430\u0451\u0442\u0441\u044f \u0438\u043d\u0442\u0435\u0440\u0430\u043a\u0442\u0438\u0432\u043d\u043e\u0435 \u0441\u043e\u0434\u0435\u0440\u0436\u0430\u043d\u0438\u0435 (\u0434\u043e\u043f\u043e\u043b\u043d\u0435\u043d\u043d\u0430\u044f \u0440\u0435\u0430\u043b\u044c\u043d\u043e\u0441\u0442\u044c, \u043e\u0431\u0437\u043e\u0440 \u043d\u0430 360 \u0433\u0440\u0430\u0434\u0443\u0441\u043e\u0432, \u043c\u043e\u0431\u0438\u043b\u044c\u043d\u043e\u0435 \u043f\u0440\u0438\u043b\u043e\u0436\u0435\u043d\u0438\u0435,\u00a0 \u0438\u0433\u0440\u043e\u0432\u0430\u044f \u043f\u043b\u0430\u0442\u0444\u043e\u0440\u043c\u0430, \u0438 \u0442.\u0434.).\u00a0\u041f\u0440\u043e\u0435\u043a\u0442 \u0444\u0438\u043d\u0430\u043d\u0441\u0438\u0440\u0443\u0435\u0442\u0441\u044f \u0441\u0440\u0435\u0434\u0441\u0442\u0432\u0430\u043c\u0438 \u0444\u043e\u043d\u0434\u0430 \u043d\u0430 \u0415\u0432\u0440\u043e\u043f\u0435\u0439\u0441\u043a\u043e\u0435 \u0440\u0435\u0433\u0438\u043d\u043e\u0430\u043b\u044c\u043d\u043e\u0435 \u0440\u0430\u0437\u0432\u0438\u0442\u0438\u0435.\r\n\r\n<a href=\"http:\/\/www.gintarokelione.lt\/ru\/\" target=\"_blank\" rel=\"noopener\">www.gintarokelione.lt<\/a>\r\n\r\n<strong>\u0421\u043e\u0446\u0438\u0430\u043b\u044c\u043d\u044b\u0435 \u0441\u0435\u0442\u0438:<\/strong>\r\n<ul>\r\n \t<li><strong>Facebook:<\/strong>\u00a0<a href=\"https:\/\/www.facebook.com\/amberjourneyru\/\" target=\"_blank\" rel=\"noopener\">\u041f\u0443\u0442\u0435\u0448\u0435\u0441\u0442\u0432\u0438\u0435 \u044f\u043d\u0442\u0430\u0440\u044f<\/a><\/li>\r\n \t<li><strong>Instagram:<\/strong>\u00a0<a href=\"https:\/\/www.instagram.com\/gintarokelioneru\" target=\"_blank\" rel=\"noopener\">\u043f\u0443\u0442\u0435\u0448\u0435\u0441\u0442\u0432\u0438\u0435\u044f\u043d\u0442\u0430\u0440\u044f<\/a><\/li>\r\n \t<li><strong>Twitter:<\/strong>\u00a0<a href=\"https:\/\/twitter.com\/amberjourneyru\" target=\"_blank\" rel=\"noopener\">\u041f\u0443\u0442\u0435\u0448\u0435\u0441\u0442\u0432\u0438\u0435 \u044f\u043d\u0442\u0430\u0440\u044f<\/a><\/li>\r\n<\/ul>\r\n<strong>\u042d\u043b\u0435\u043a\u0442\u0440\u043e\u043d\u043d\u0430\u044f \u043f\u0443\u0431\u043b\u0438\u043a\u0430\u0446\u0438\u044f:\u00a0<\/strong><a href=\"https:\/\/www.visit-palanga.lt\/wp-content\/uploads\/2022\/04\/RU_ePUB_Gintaro-Kelione_compressed1.pdf\" target=\"_blank\" rel=\"noopener\">\u041f\u0443\u0442\u0435\u0448\u0435\u0441\u0442\u0432\u0438\u0435 \u044f\u043d\u0442\u0430\u0440\u044f<\/a>\r\n\r\n<img class=\"alignnone size-medium wp-image-23068\" src=\"https:\/\/www.visit-palanga.lt\/wp-content\/uploads\/2022\/04\/70123908_773888976361528_1744713099723669504_o-212x300.jpg\" alt=\"\" width=\"212\" height=\"300\" \/>\r\n\r\n<strong>\u041c\u043e\u0431\u0438\u043b\u044c\u043d\u044b\u0439 \u0433\u0438\u0434 \/ \u043f\u0440\u0438\u043b\u043e\u0436\u0435\u043d\u0438\u0435:<\/strong>\r\n\r\n<a href=\"https:\/\/play.google.com\/store\"><img class=\"alignnone wp-image-23071 size-medium\" src=\"https:\/\/www.visit-palanga.lt\/wp-content\/uploads\/2022\/04\/67638905_750668285350264_7447096558207631360_n-159x300.jpg\" alt=\"\" width=\"159\" height=\"300\" \/><\/a>\r\n\r\n<a href=\"https:\/\/play.google.com\/store\/apps\/details?id=com.gintarokeliones&amp;hl=en_US\"><img class=\"alignnone wp-image-23074 size-full\" src=\"https:\/\/www.visit-palanga.lt\/wp-content\/uploads\/2022\/04\/android1.png\" alt=\"\" width=\"204\" height=\"60\" \/><\/a> <a href=\"https:\/\/apps.apple.com\/us\/app\/gintaro-kelion%C4%97\/id1438621658\"><img class=\"alignnone wp-image-23077 size-full\" src=\"https:\/\/www.visit-palanga.lt\/wp-content\/uploads\/2022\/04\/apple1.png\" alt=\"\" width=\"204\" height=\"60\" \/><\/a>\r\n\r\n&nbsp;\r\n\r\n<strong>\u041f\u0440\u043e\u0435\u043a\u0442 \u00ab\u041c\u0443\u0434\u0440\u043e\u0435 \u043a\u0443\u0440\u043e\u0440\u0442\u043d\u043e\u0435 \u043d\u0430\u0441\u043b\u0435\u0434\u0438\u0435\u00bb<\/strong>\r\n\r\n<img class=\"alignnone size-medium wp-image-23080\" src=\"https:\/\/www.visit-palanga.lt\/wp-content\/uploads\/2022\/04\/logotipas-5809-1-300x190.jpg\" alt=\"\" width=\"300\" height=\"190\" \/>\r\n\r\n<a href=\"https:\/\/www.lithuanianresorts.lt\/en\/\" target=\"_blank\" rel=\"noopener\">www.lietuvoskurortai.lt<\/a>\r\n\r\n<a href=\"http:\/\/www.lietuvoskurortai.lt\"><img class=\"alignnone wp-image-23088 size-full\" src=\"https:\/\/www.visit-palanga.lt\/wp-content\/uploads\/2022\/04\/lietuvos_kurortai_logo_29.png\" alt=\"\" width=\"205\" height=\"71\" \/><\/a>\r\n\r\n<strong>\u0421\u043e\u0446\u0438\u0430\u043b\u044c\u043d\u044b\u0435 \u0441\u0435\u0442\u0438:<\/strong>\r\n<ul>\r\n \t<li><strong>Facebook:<\/strong>\u00a0<a href=\"https:\/\/www.facebook.com\/Kurortupaveldas\/\" target=\"_blank\" rel=\"noopener\">Kurort\u0173 paveldas<\/a><\/li>\r\n<\/ul>\r\n<strong>\u041c\u043e\u0431\u0438\u043b\u044c\u043d\u043e\u0435 \u043f\u0440\u0438\u043b\u043e\u0436\u0435\u043d\u0438\u0435 \/ \u0410\u0443\u0434\u0438\u043e-\u0433\u0438\u0434:<\/strong>\r\n\r\n<em>\u041a\u043e\u0440\u043e\u0442\u043a\u0430\u044f \u043f\u0440\u043e\u0433\u0443\u043b\u043a\u0430 \u043c\u043e\u0436\u0435\u0442 \u0431\u044b\u0442\u044c \u0432\u0435\u0441\u0435\u043b\u043e\u0439 \u0438 \u0432 \u0442\u043e \u0436\u0435 \u0432\u0440\u0435\u043c\u044f \u0440\u0430\u0441\u0441\u043b\u0430\u0431\u043b\u044f\u044e\u0449\u0435\u0439.<\/em>\r\n\r\n<em>\u0421 \u043f\u043e\u043c\u043e\u0449\u044c\u044e \u0430\u0443\u0434\u0438\u043e\u0433\u0438\u0434\u0430 \u0442\u0443\u0440\u0438\u0441\u0442\u044b \u0441\u043c\u043e\u0433\u0443\u0442 \u0443\u0437\u043d\u0430\u0442\u044c \u043f\u0440\u043e\u0438\u0441\u0445\u043e\u0436\u0434\u0435\u043d\u0438\u0435 \u043a\u0443\u0440\u043e\u0440\u0442\u043e\u0432, \u043f\u0440\u0438\u0440\u043e\u0434\u043d\u044b\u0435 \u043e\u0437\u0434\u043e\u0440\u043e\u0432\u0438\u0442\u0435\u043b\u044c\u043d\u044b\u0435 \u043c\u0435\u0442\u043e\u0434\u044b \u0438 \u0438\u0445 \u0432\u043b\u0438\u044f\u043d\u0438\u0435 \u043d\u0430 \u0447\u0435\u043b\u043e\u0432\u0435\u043a\u0430. \u0421\u043e\u0437\u0434\u0430\u043d\u043d\u044b\u0435 \u043c\u0430\u0440\u0448\u0440\u0443\u0442\u044b \u0431\u0443\u0434\u0443\u0442 \u0432\u043a\u043b\u044e\u0447\u0430\u0442\u044c \u043c\u0430\u043b\u043e\u0438\u0437\u0432\u0435\u0441\u0442\u043d\u044b\u0435, \u043d\u043e \u043e\u0447\u0435\u043d\u044c \u0438\u043d\u0442\u0435\u0440\u0435\u0441\u043d\u044b\u0435, \u043e\u0431\u043e\u0433\u0430\u0449\u0430\u044e\u0449\u0438\u0435 \u043f\u043e\u0432\u0441\u0435\u0434\u043d\u0435\u0432\u043d\u0443\u044e \u0434\u0435\u044f\u0442\u0435\u043b\u044c\u043d\u043e\u0441\u0442\u044c \u043d\u0430\u0440\u044f\u0434\u0443 \u0441 \u043e\u0441\u043d\u043e\u0432\u043d\u044b\u043c\u0438 \u0443\u0434\u043e\u0431\u0441\u0442\u0432\u0430\u043c\u0438 \u043a\u0443\u0440\u043e\u0440\u0442\u0430.<\/em>\r\n\r\n<img class=\"alignnone size-medium wp-image-23083\" src=\"https:\/\/www.visit-palanga.lt\/wp-content\/uploads\/2022\/04\/mob-phone-179x300.png\" alt=\"\" width=\"179\" height=\"300\" \/>\r\n\r\n<a href=\"https:\/\/play.google.com\/store\/apps\/details?id=com.kurortai.lietuvos2\"><img class=\"alignnone wp-image-23074 size-full\" src=\"https:\/\/www.visit-palanga.lt\/wp-content\/uploads\/2022\/04\/android1.png\" alt=\"\" width=\"204\" height=\"60\" \/><\/a> <a href=\"https:\/\/www.lietuvoskurortai.lt\/\"><img class=\"alignnone wp-image-23077 size-full\" src=\"https:\/\/www.visit-palanga.lt\/wp-content\/uploads\/2022\/04\/apple1.png\" alt=\"\" width=\"204\" height=\"60\" \/><\/a>\r\n\r\n<strong>\u0410\u0443\u0434\u0438\u043e \u0433\u0438\u0434\u044b:<\/strong>\r\n\r\n<a href=\"https:\/\/www.palangatic.lt\/data\/ckfinder\/files\/17_%20Skulpt%C5%ABra%20%E2%80%9ETau%20Birute%E2%80%9C%20RU.mp3\" target=\"_blank\" rel=\"noopener\">17. Skulpt\u016bra \u201eTau Birute\u201c RU<\/a>\r\n\r\n<a href=\"https:\/\/www.visit-palanga.lt\/wp-content\/uploads\/2022\/04\/18_-Aukuras-prie-Birutes-kalno-lurdas-RU.mp3\" target=\"_blank\" rel=\"noopener\">18. Aukuras prie Birut\u0117s kalno, lurdas RU<\/a>\r\n\r\n<a href=\"https:\/\/www.visit-palanga.lt\/wp-content\/uploads\/2022\/04\/19_-Birutes-kalno-koplycia-RU.mp3\" target=\"_blank\" rel=\"noopener\">19. Birut\u0117s kalno koply\u010dia RU<\/a>\r\n\r\n<a href=\"https:\/\/www.visit-palanga.lt\/wp-content\/uploads\/2022\/04\/22_-Juros-tiltas-RU1.mp3\" target=\"_blank\" rel=\"noopener\">22. J\u016bros tiltas RU<\/a>\r\n\r\n<a href=\"https:\/\/www.visit-palanga.lt\/wp-content\/uploads\/2022\/04\/25_-Naglio-kalnas-RU.mp3\" target=\"_blank\" rel=\"noopener\">25. Naglio kalnas RU<\/a>\r\n\r\n<a href=\"https:\/\/www.visit-palanga.lt\/wp-content\/uploads\/2022\/04\/26_-Vila-\u201eAnapilis-RU.mp3\" target=\"_blank\" rel=\"noopener\">26. Vila \u201eAnapilis\u201c RU<\/a>\r\n\r\n<a href=\"https:\/\/www.visit-palanga.lt\/wp-content\/uploads\/2022\/04\/27_-Kurhauzas-RU.mp3\" target=\"_blank\" rel=\"noopener\">27. Kurhauzas RU<\/a>\r\n\r\n<a href=\"https:\/\/www.visit-palanga.lt\/wp-content\/uploads\/2022\/04\/30_-Antano-Moncio-namai-\u2013-muziejus-RU.mp3\" target=\"_blank\" rel=\"noopener\">30. Antano Mon\u010dio namai \u2013 muziejus RU<\/a>\r\n\r\n<a href=\"https:\/\/www.visit-palanga.lt\/wp-content\/uploads\/2022\/04\/31_-J_-Sliupo-memorialine-sodyba-RU.mp3\" target=\"_blank\" rel=\"noopener\">31. J. \u0160li\u016bpo memorialin\u0117 sodyba RU<\/a>\r\n\r\n<a href=\"https:\/\/www.visit-palanga.lt\/wp-content\/uploads\/2022\/04\/32_-Birutes-parko-sargo-namelis-RU.mp3\" target=\"_blank\" rel=\"noopener\">32. Birut\u0117s parko sargo namelis RU<\/a>"},"_links":{"self":[{"href":"https:\/\/www.visit-palanga.lt\/ru\/wp-json\/wp\/v2\/pages\/51107","targetHints":{"allow":["GET"]}}],"collection":[{"href":"https:\/\/www.visit-palanga.lt\/ru\/wp-json\/wp\/v2\/pages"}],"about":[{"href":"https:\/\/www.visit-palanga.lt\/ru\/wp-json\/wp\/v2\/types\/page"}],"author":[{"embeddable":true,"href":"https:\/\/www.visit-palanga.lt\/ru\/wp-json\/wp\/v2\/users\/2"}],"replies":[{"embeddable":true,"href":"https:\/\/www.visit-palanga.lt\/ru\/wp-json\/wp\/v2\/comments?post=51107"}],"version-history":[{"count":2,"href":"https:\/\/www.visit-palanga.lt\/ru\/wp-json\/wp\/v2\/pages\/51107\/revisions"}],"predecessor-version":[{"id":54804,"href":"https:\/\/www.visit-palanga.lt\/ru\/wp-json\/wp\/v2\/pages\/51107\/revisions\/54804"}],"up":[{"embeddable":true,"href":"https:\/\/www.visit-palanga.lt\/ru\/wp-json\/wp\/v2\/pages\/22479"}],"wp:attachment":[{"href":"https:\/\/www.visit-palanga.lt\/ru\/wp-json\/wp\/v2\/media?parent=51107"}],"curies":[{"name":"wp","href":"https:\/\/api.w.org\/{rel}","templated":true}]}}