{"id":22705,"date":"2022-01-21T09:06:46","date_gmt":"2022-01-21T07:06:46","guid":{"rendered":"https:\/\/www.visit-palanga.lt\/what-to-see\/"},"modified":"2025-10-01T05:05:10","modified_gmt":"2025-10-01T02:05:10","slug":"%d1%87%d1%82%d0%be-%d0%bf%d0%be%d1%81%d0%bc%d0%be%d1%82%d1%80%d0%b5%d1%82%d1%8c","status":"publish","type":"page","link":"https:\/\/www.visit-palanga.lt\/ru\/%d1%87%d1%82%d0%be-%d0%bf%d0%be%d1%81%d0%bc%d0%be%d1%82%d1%80%d0%b5%d1%82%d1%8c\/","title":{"rendered":"\u0427\u0442\u043e \u043f\u043e\u0441\u043c\u043e\u0442\u0440\u0435\u0442\u044c?"},"content":{"rendered":"","protected":false},"excerpt":{"rendered":"","protected":false},"author":1,"featured_media":0,"parent":0,"menu_order":0,"comment_status":"closed","ping_status":"closed","template":"templates\/page-inner-pages-urls.php","meta":{"_acf_changed":false,"inline_featured_image":false,"footnotes":""},"class_list":["post-22705","page","type-page","status-publish","hentry"],"acf":{"vidiniai_puslapiai_puslapiai":[{"tipas":"page","puslapis":22503,"nuoroda_2":null},{"tipas":"page","puslapis":22497,"nuoroda_2":null},{"tipas":"page","puslapis":22521,"nuoroda_2":{"title":"Lankytin\u0173 viet\u0173 pavadinim\u0173 s\u0105ra\u0161as","url":"https:\/\/www.visit-palanga.lt\/wp-content\/uploads\/2022\/04\/Lankytinu_vietu_pavadinimu_sarasas.pdf","target":"_blank"}},{"tipas":"page","puslapis":22515,"nuoroda_2":null},{"tipas":"page","puslapis":22509,"nuoroda_2":null}],"vidiniai_puslapiai_aprasymas_virsus":"<h3><b>Atraskite, k\u0105 pamatyti Palangoje: \u012fdom\u016bs lankytini objektai ir \u012fsimintinos pramogos<\/b><\/h3>\r\n<span style=\"font-weight: 400;\">Palanga \u2013 tai daugiau nei auksiniai sm\u0117l\u0117ti papl\u016bdimiai ir raminantis bang\u0173 o\u0161imas. \u010cia slypi tikri lobiai, kurie traukia tiek gamtos myl\u0117tojus, tiek istorijos ir kult\u016bros gerb\u0117jus. <a href=\"https:\/\/www.visit-palanga.lt\/ka-pamatyti\/lankytini-objektai\/\"><strong>Svarstote, k\u0105 pamatyti Palangoje<\/strong><\/a><\/span><span style=\"font-weight: 400;\">? Leiskit\u0117s \u012f atradim\u0173 kelion\u0119 po \u0161\u012f paj\u016brio kurort\u0105, kupin\u0105 nepamir\u0161tam\u0173 \u012fsp\u016bd\u017ei\u0173 ir unikali\u0173 pramog\u0173!<\/span>","vidiniai_puslapiai_nuotrauka":47645,"vidiniai_puslapiai_aprasymas":"<h3><b>L\u0117ti pasivaik\u0161\u010diojimai legendin\u0117mis Palangos vietomis<\/b><\/h3>\r\n<span style=\"font-weight: 400;\">Pirmoji stotel\u0117 \u2013 garsusis Palangos tiltas, kuris tampa ne tik tobula vieta romanti\u0161kiems saul\u0117lyd\u017eiams steb\u0117ti, bet ir yra savoti\u0161kas miesto simbolis. \u0160alia tilto vingiuoja Birut\u0117s parkas \u2013 kerinti oaz\u0117, kurioje susipina gamtos gro\u017eis ir istorija. Tai \u2013 puiki vieta ne tik pasivaik\u0161\u010diojimams, bet ir ramiam darbostog\u0173 laikui.<\/span>\r\n<h3><b>Kult\u016bros ir istorijos galia<\/b><\/h3>\r\n<span style=\"font-weight: 400;\">Kult\u016bros myl\u0117tojams verta aplankyti Gintaro muziej\u0173, \u012fsik\u016brus\u012f nuostabioje graf\u0173 Ti\u0161kevi\u010di\u0173 r\u016bm\u0173 rezidencijoje. \u010cia su\u017einosite visk\u0105 apie gintaro istorij\u0105 ir jo paslaptis. Ie\u0161kantiems ne\u012fprast\u0173 patir\u010di\u0173, rekomenduojame u\u017esukti \u012f Palangos botanikos park\u0105, kuriame galima pasigro\u017e\u0117ti ne tik unikaliomis augal\u0173 kolekcijomis, bet ir dail\u0117s k\u016briniais.<\/span>\r\n<h3><b>Aktyvus laisvalaikis ir pramogos Palangoje<\/b><\/h3>\r\n<span style=\"font-weight: 400;\">Norintiems praleisti laik\u0105 aktyviau, Palangoje galima i\u0161bandyti daugyb\u0119 pramog\u0173: nuo pasiva\u017ein\u0117jimo dvira\u010diais iki vandens sporto u\u017esi\u0117mim\u0173. Be to, centrin\u0117 miesto gatv\u0117 \u2013 J. Basanavi\u010diaus gatv\u0117 \u2013 pilna restoran\u0173, kavini\u0173 ir suvenyr\u0173 parduotuvi\u0173, kur galite pajusti tikr\u0105 Palangos \u0161urmul\u012f.<\/span>\r\n<h3><b>Palanga \u2013 puiki vieta darbostogoms<\/b><\/h3>\r\n<span style=\"font-weight: 400;\">Ie\u0161kantiems \u012fkv\u0117pimo darbui, <\/span><a href=\"https:\/\/www.visit-palanga.lt\/ka-veikti\/darbostogos\/\"><span style=\"font-weight: 400;\"><strong>darbostogos<\/strong><\/span><\/a><span style=\"font-weight: 400;\"> Palangoje tampa vis populiaresne galimybe. Tyl\u016bs parkai ir gamtos kampeliai, netoliese \u012fsik\u016br\u0119 modern\u016bs vie\u0161bu\u010diai su patogiais darbo sprendimais \u2013 visa tai pad\u0117s lengvai suderinti darb\u0105 ir poils\u012f.<\/span>\r\n<h3><b>Palanga \u2013 J\u016bs\u0173 nepamir\u0161tam\u0173 \u012fsp\u016bd\u017ei\u0173 kryptis<\/b><\/h3>\r\n<span style=\"font-weight: 400;\">Kad ir ko ie\u0161kotum\u0117te \u2013 gamtos gro\u017eio, kult\u016brin\u0117s patirties ar tiesiog rami\u0173 akimirk\u0173 \u2013 Palanga turi visk\u0105. Prad\u0117kite planuoti savo kelion\u0119 jau \u0161iandien ir atraskite, <\/span><strong><a href=\"https:\/\/www.visit-palanga.lt\/ka-veikti\/\">k\u0105 veikti Palangoje<\/a><\/strong><span style=\"font-weight: 400;\">, kurioje kiekviena diena gali tapti ypatinga.<\/span>"},"_links":{"self":[{"href":"https:\/\/www.visit-palanga.lt\/ru\/wp-json\/wp\/v2\/pages\/22705","targetHints":{"allow":["GET"]}}],"collection":[{"href":"https:\/\/www.visit-palanga.lt\/ru\/wp-json\/wp\/v2\/pages"}],"about":[{"href":"https:\/\/www.visit-palanga.lt\/ru\/wp-json\/wp\/v2\/types\/page"}],"author":[{"embeddable":true,"href":"https:\/\/www.visit-palanga.lt\/ru\/wp-json\/wp\/v2\/users\/1"}],"replies":[{"embeddable":true,"href":"https:\/\/www.visit-palanga.lt\/ru\/wp-json\/wp\/v2\/comments?post=22705"}],"version-history":[{"count":1,"href":"https:\/\/www.visit-palanga.lt\/ru\/wp-json\/wp\/v2\/pages\/22705\/revisions"}],"predecessor-version":[{"id":22706,"href":"https:\/\/www.visit-palanga.lt\/ru\/wp-json\/wp\/v2\/pages\/22705\/revisions\/22706"}],"wp:attachment":[{"href":"https:\/\/www.visit-palanga.lt\/ru\/wp-json\/wp\/v2\/media?parent=22705"}],"curies":[{"name":"wp","href":"https:\/\/api.w.org\/{rel}","templated":true}]}}