{"id":22542,"date":"2022-01-19T11:23:03","date_gmt":"2022-01-19T09:23:03","guid":{"rendered":"https:\/\/www.visit-palanga.lt\/guides\/"},"modified":"2025-06-02T10:15:28","modified_gmt":"2025-06-02T07:15:28","slug":"%d0%b3%d0%b8%d0%b4%d1%8b","status":"publish","type":"page","link":"https:\/\/www.visit-palanga.lt\/ru\/%d0%b8%d0%bd%d1%84%d0%be%d1%80%d0%bc%d0%b0%d1%86%d0%b8%d1%8f\/%d0%b3%d0%b8%d0%b4%d1%8b\/","title":{"rendered":"\u0413\u0438\u0434"},"content":{"rendered":"","protected":false},"excerpt":{"rendered":"","protected":false},"author":1,"featured_media":0,"parent":22491,"menu_order":0,"comment_status":"closed","ping_status":"closed","template":"templates\/page-text.php","meta":{"_acf_changed":false,"inline_featured_image":false,"footnotes":""},"class_list":["post-22542","page","type-page","status-publish","hentry"],"acf":{"tekstinis_puslapis_tekstas":"LT-\u043b\u0438\u0442\u043e\u0432\u0441\u043a\u0438\u0439, RU-\u0440\u0443\u0441\u0441\u043a\u0438\u0439, EN-\u0430\u043d\u0433\u043b\u0438\u0439\u0441\u043a\u0438\u0439, DE-\u043d\u0435\u043c\u0435\u0446\u043a\u0438\u0439, FR-\u0444\u0440\u0430\u043d\u0446\u0443\u0437\u0441\u043a\u0438\u0439, PL-\u043f\u043e\u043b\u044c\u0441\u043a\u0438\u0439, LV-\u043b\u0430\u0442\u044b\u0448\u0441\u043a\u0438\u0439, FI-\u0444\u0438\u043d\u0441\u043a\u0438\u0439.\r\n<table border=\"1\" cellspacing=\"0\" cellpadding=\"0\">\r\n<tbody>\r\n<tr>\r\n<td><strong>\u0418\u043c\u044f \u0424\u0430\u043c\u0438\u043b\u0438\u044f, \u043a\u0430\u0442\u0435\u0433\u043e\u0440\u0438\u044f \u0433\u0438\u0434\u0430<\/strong><\/td>\r\n<td><strong>\u041c\u043e\u0431. \u0442\u0435\u043b.<\/strong><\/td>\r\n<td><strong>\u042d\u043b. \u043f\u043e\u0447\u0442\u0430<\/strong><\/td>\r\n<td><strong>\u042f\u0437\u044b\u043a<\/strong><\/td>\r\n<td><strong>\u042d\u043a\u0441\u043a\u0443\u0440\u0441\u0438\u043e\u043d\u043d\u044b\u0435 \u043c\u0430\u0440\u0448\u0440\u0443\u0442\u044b<\/strong><\/td>\r\n<\/tr>\r\n<tr>\r\n<td><strong>Ar\u016bnas \u0160ateika<\/strong>\r\n\r\n&nbsp;\r\n\r\n\u0412\u044b\u0441\u0448\u0430\u044f \u043a\u0430\u0442\u0435\u0433\u043e\u0440\u0438\u044f<\/td>\r\n<td>+370 680 27766<\/td>\r\n<td><\/td>\r\n<td>LT,\r\n\r\nLV,\r\n\r\nRU<\/td>\r\n<td>\u041f\u0430\u043b\u0430\u043d\u0433\u0430, \u041f\u0430\u0440\u043a \u0411\u0438\u0440\u0443\u0442\u0435, \u041c\u0443\u0437\u0435\u0439 \u044f\u043d\u0442\u0430\u0440\u044f, \u041a\u043b\u0430\u0439\u043f\u0435\u0434\u0430, \u041c\u043e\u0440\u0441\u043a\u043e\u0439 \u043c\u0443\u0437\u0435\u0439, \u041c\u0443\u0437\u0435\u0439 \u0447\u0430\u0441\u043e\u0432, \u0414\u0438\u043d\u043e \u043f\u0430\u0440\u043a, \u041a\u0443\u0440\u0448\u0441\u043a\u0430\u044f \u043a\u043e\u0441\u0430, \u041a\u0440\u0435\u0442\u0438\u043d\u0433\u0430, \u0423\u0441\u0430\u0434\u044c\u0431\u0430 \u041e\u0440\u0432\u0438\u0434\u0430\u0441\u043e\u0432, \u041c\u043e\u0441\u0435\u0434\u0438\u0441, \u041f\u043b\u0430\u0442\u044f\u043b\u044f\u0439, \u041f\u043b\u0443\u043d\u0433\u0435, \u0422\u0435\u043b\u044c\u0448\u044f\u0439, \u0428\u044f\u0443\u043b\u044f\u0439, \u041b\u0438\u0435\u043f\u0430\u044f, \u0420\u0438\u0433\u0430.<\/td>\r\n<\/tr>\r\n<tr>\r\n<td><strong>Alicija Gulbinovi\u010d<\/strong>\r\n\r\nII \u043a\u0430\u0442\u0435\u0433\u043e\u0440\u0438\u044f<\/td>\r\n<td>+370 652 39471<\/td>\r\n<td>algulbinovic@gmail.com<\/td>\r\n<td>LT, RU, PL<\/td>\r\n<td>\u041f\u0430\u043b\u0430\u043d\u0433\u0430, \u041f\u0430\u0440\u043a \u0411\u0438\u0440\u0443\u0442\u0435, \u041c\u0443\u0437\u0435\u0439 \u044f\u043d\u0442\u0430\u0440\u044f, \u041a\u043b\u0430\u0439\u043f\u0435\u0434\u0430, \u041c\u043e\u0440\u0441\u043a\u043e\u0439 \u043c\u0443\u0437\u0435\u0439, \u041a\u0443\u0440\u0448\u0441\u043a\u0430\u044f \u043a\u043e\u0441\u0430, \u041a\u0440\u0435\u0442\u0438\u043d\u0433\u0430.<\/td>\r\n<\/tr>\r\n<tr>\r\n<td><strong>Alma Slabo\u0161evi\u010dien\u0117<\/strong>\r\n\r\n&nbsp;\r\n\r\nII \u043a\u0430\u0442\u0435\u0433\u043e\u0440\u0438\u044f<\/td>\r\n<td>+370 607 00890,\r\n+370 674 37100<\/td>\r\n<td>almagalb@mail.ru<\/td>\r\n<td>LT,\r\n\r\nRU<\/td>\r\n<td>\u041f\u0430\u043b\u0430\u043d\u0433\u0430, \u041f\u0430\u0440\u043a \u0411\u0438\u0440\u0443\u0442\u0435, \u041c\u0443\u0437\u0435\u0439 \u044f\u043d\u0442\u0430\u0440\u044f, \u041a\u043b\u0430\u0439\u043f\u0435\u0434\u0430, \u041c\u043e\u0440\u0441\u043a\u043e\u0439 \u043c\u0443\u0437\u0435\u0439, \u041a\u0443\u0440\u0448\u0441\u043a\u0430\u044f \u043a\u043e\u0441\u0430, \u041a\u0440\u0435\u0442\u0438\u043d\u0433\u0430.<\/td>\r\n<\/tr>\r\n<tr>\r\n<td><strong>Birut\u0117 Mockuvien\u0117<\/strong>\r\n\r\n&nbsp;\r\n\r\nI \u043a\u0430\u0442\u0435\u0433\u043e\u0440\u0438\u044f<\/td>\r\n<td>+370\u00a0688 29446<\/td>\r\n<td>b.mockuviene@gmail.com<\/td>\r\n<td>LT,\r\n\r\nRU, EN<\/td>\r\n<td>\u041f\u0430\u043b\u0430\u043d\u0433\u0430, \u041f\u0430\u0440\u043a \u0411\u0438\u0440\u0443\u0442\u0435, \u041c\u0443\u0437\u0435\u0439 \u044f\u043d\u0442\u0430\u0440\u044f, \u041a\u043b\u0430\u0439\u043f\u0435\u0434\u0430, \u041c\u043e\u0440\u0441\u043a\u043e\u0439 \u043c\u0443\u0437\u0435\u0439, \u041a\u0443\u0440\u0448\u0441\u043a\u0430\u044f \u043a\u043e\u0441\u0430, \u041a\u0440\u0435\u0442\u0438\u043d\u0433\u0430.<\/td>\r\n<\/tr>\r\n<tr>\r\n<td><strong>Emilija Aleknavi\u010dien\u0117<\/strong>\r\n\r\n&nbsp;\r\n\r\n\u0412\u044b\u0441\u0448\u0430\u044f \u043a\u0430\u0442\u0435\u0433\u043e\u0440\u0438\u044f<\/td>\r\n<td>+370 652 53879<\/td>\r\n<td><\/td>\r\n<td>LT, EN, RU<\/td>\r\n<td>\u041f\u0430\u043b\u0430\u043d\u0433\u0430, \u041f\u0430\u0440\u043a \u0411\u0438\u0440\u0443\u0442\u0435, \u041c\u0443\u0437\u0435\u0439 \u044f\u043d\u0442\u0430\u0440\u044f, \u041a\u043b\u0430\u0439\u043f\u0435\u0434\u0430, \u041c\u043e\u0440\u0441\u043a\u043e\u0439 \u043c\u0443\u0437\u0435\u0439, \u041a\u0443\u0440\u0448\u0441\u043a\u0430\u044f \u043a\u043e\u0441\u0430, \u041a\u0440\u0435\u0442\u0438\u043d\u0433\u0430, \u041c\u043e\u0441\u0435\u0434\u0438\u0441, \u041f\u043b\u0430\u0442\u044f\u043b\u044f\u0439, \u0420\u0443\u0441\u043d\u0435, \u0428\u044f\u0443\u043b\u044f\u0439, \u0412\u0438\u043b\u044c\u043d\u044e\u0441.<\/td>\r\n<\/tr>\r\n<tr>\r\n<td><strong>Charis Embrektas<\/strong>\r\n\r\n&nbsp;\r\n\r\n\u0412\u044b\u0441\u0448\u0430\u044f \u043a\u0430\u0442\u0435\u0433\u043e\u0440\u0438\u044f\r\n\r\n&nbsp;<\/td>\r\n<td>+370 613 22588<\/td>\r\n<td><\/td>\r\n<td>LT,\r\n\r\nRU<\/td>\r\n<td>\u041f\u0430\u043b\u0430\u043d\u0433\u0430, \u041f\u0430\u0440\u043a \u0411\u0438\u0440\u0443\u0442\u0435, \u041c\u0443\u0437\u0435\u0439 \u044f\u043d\u0442\u0430\u0440\u044f, \u041a\u043b\u0430\u0439\u043f\u0435\u0434\u0430, \u041c\u043e\u0440\u0441\u043a\u043e\u0439 \u043c\u0443\u0437\u0435\u0439, \u041a\u0443\u0440\u0448\u0441\u043a\u0430\u044f \u043a\u043e\u0441\u0430, \u041a\u0440\u0435\u0442\u0438\u043d\u0433\u0430, \u041c\u043e\u0441\u0435\u0434\u0438\u0441, \u041f\u043b\u0430\u0442\u044f\u043b\u044f\u0439, \u0428\u044f\u0443\u043b\u044f\u0439.<\/td>\r\n<\/tr>\r\n<tr>\r\n<td><strong>Kazys Augutis<\/strong>\r\n\r\n&nbsp;\r\n\r\n\u0412\u044b\u0441\u0448\u0430\u044f \u043a\u0430\u0442\u0435\u0433\u043e\u0440\u0438\u044f<\/td>\r\n<td>+370\u00a0619 89643<\/td>\r\n<td>kaugutis@gmail.com<\/td>\r\n<td>LT, RU<\/td>\r\n<td>\u041f\u0430\u043b\u0430\u043d\u0433\u0430, \u041f\u0430\u0440\u043a \u0411\u0438\u0440\u0443\u0442\u0435, \u041c\u0443\u0437\u0435\u0439 \u044f\u043d\u0442\u0430\u0440\u044f, \u041a\u043b\u0430\u0439\u043f\u0435\u0434\u0430, \u041c\u043e\u0440\u0441\u043a\u043e\u0439 \u043c\u0443\u0437\u0435\u0439, \u041a\u0443\u0440\u0448\u0441\u043a\u0430\u044f \u043a\u043e\u0441\u0430, \u041a\u0440\u0435\u0442\u0438\u043d\u0433\u0430, \u041c\u043e\u0441\u0435\u0434\u0438\u0441, \u041f\u043b\u0430\u0442\u044f\u043b\u044f\u0439, \u041f\u043b\u0443\u043d\u0433\u0435, \u0422\u0435\u043b\u044c\u0448\u044f\u0439, \u0428\u044f\u0443\u043b\u044f\u0439, \u041b\u0438\u0435\u043f\u0430\u044f, \u0420\u0438\u0433\u0430.<\/td>\r\n<\/tr>\r\n<tr>\r\n<td><strong>Laima Saarinen<\/strong>\r\n\r\n&nbsp;\r\n\r\nII \u043a\u0430\u0442\u0435\u0433\u043e\u0440\u0438\u044f<\/td>\r\n<td>+370 685 86560<\/td>\r\n<td><\/td>\r\n<td>LT,\r\n\r\nFI,\r\n\r\nRU<\/td>\r\n<td>\u041f\u0430\u043b\u0430\u043d\u0433\u0430, \u041f\u0430\u0440\u043a \u0411\u0438\u0440\u0443\u0442\u0435, \u041c\u0443\u0437\u0435\u0439 \u044f\u043d\u0442\u0430\u0440\u044f, \u041a\u043b\u0430\u0439\u043f\u0435\u0434\u0430, \u041c\u043e\u0440\u0441\u043a\u043e\u0439 \u043c\u0443\u0437\u0435\u0439, \u041a\u0443\u0440\u0448\u0441\u043a\u0430\u044f \u043a\u043e\u0441\u0430.<\/td>\r\n<\/tr>\r\n<tr>\r\n<td><strong>Loreta Stonien\u0117<\/strong>\r\n\r\n&nbsp;\r\n\r\nII \u043a\u0430\u0442\u0435\u0433\u043e\u0440\u0438\u044f\r\n\r\n&nbsp;<\/td>\r\n<td>+370 673 14875<\/td>\r\n<td>loretaistorija@gmail.com<\/td>\r\n<td>LT,\r\n\r\nRU,<\/td>\r\n<td>\u041f\u0430\u043b\u0430\u043d\u0433\u0430, \u041f\u0430\u0440\u043a \u0411\u0438\u0440\u0443\u0442\u0435, \u041c\u0443\u0437\u0435\u0439 \u044f\u043d\u0442\u0430\u0440\u044f, \u041a\u043b\u0430\u0439\u043f\u0435\u0434\u0430, \u041c\u043e\u0440\u0441\u043a\u043e\u0439 \u043c\u0443\u0437\u0435\u0439, \u041a\u0443\u0440\u0448\u0441\u043a\u0430\u044f \u043a\u043e\u0441\u0430, \u0414\u0440\u0443\u0441\u043a\u0438\u043d\u0438\u043d\u043a\u0430\u0439, \u041a\u0435\u0440\u043d\u0430\u0432\u0435, \u0422\u0440\u0430\u043a\u0430\u0439.<\/td>\r\n<\/tr>\r\n<tr>\r\n<td><strong>Raimundas Ereminas<\/strong>\r\n\r\n&nbsp;\r\n\r\nII \u043a\u0430\u0442\u0435\u0433\u043e\u0440\u0438\u044f<\/td>\r\n<td>+370\u00a0622 93088<\/td>\r\n<td>pasimatuokeiguliokepure@gmail.com<\/td>\r\n<td>LT, EN, RU<\/td>\r\n<td>\u041f\u043e\u0437\u043d\u0430\u0432\u0430\u0442\u0435\u043b\u044c\u043d\u043e- \u043e\u0431\u0440\u0430\u0437\u043e\u0432\u0430\u0442\u0435\u043b\u044c\u043d\u0430\u044f \u044d\u043a\u0441\u043a\u0443\u0440\u0441\u0438\u044f \u043f\u043e \u0434\u0438\u043a\u043e\u0439 \u043f\u0440\u0438\u0440\u043e\u0434\u0435 \u0432 \u041f\u0430\u043b\u0430\u043d\u0433\u0435, \u043f\u043e \u041a\u043b\u0430\u0439\u043f\u0435\u0434\u0441\u043a\u043e\u043c\u0443, \u041a\u0440\u0435\u0442\u0438\u043d\u0433\u0441\u043a\u043e\u043c\u0443 \u0440\u0430\u0439\u043e\u043d\u0443.<\/td>\r\n<\/tr>\r\n<tr>\r\n<td><strong>Ramun\u0117 Gecien\u0117<\/strong>\r\n\r\n&nbsp;\r\n\r\nII \u043a\u0430\u0442\u0435\u0433\u043e\u0440\u0438\u044f<\/td>\r\n<td>+370\u00a0686 68298<\/td>\r\n<td>ramune.geciene@gmail.com<\/td>\r\n<td>LT, FR<\/td>\r\n<td>\u041f\u0430\u043b\u0430\u043d\u0433\u0430, \u041f\u0430\u0440\u043a \u0411\u0438\u0440\u0443\u0442\u0435, \u041c\u0443\u0437\u0435\u0439 \u044f\u043d\u0442\u0430\u0440\u044f, \u041a\u043b\u0430\u0439\u043f\u0435\u0434\u0430, \u041c\u043e\u0440\u0441\u043a\u043e\u0439 \u043c\u0443\u0437\u0435\u0439, \u041a\u0443\u0440\u0448\u0441\u043a\u0430\u044f \u043a\u043e\u0441\u0430.<\/td>\r\n<\/tr>\r\n<tr>\r\n<td><strong>Regina Makauskien\u0117<\/strong>\r\n\r\n&nbsp;\r\n\r\n\u0412\u044b\u0441\u0448\u0430\u044f \u043a\u0430\u0442\u0435\u0433\u043e\u0440\u0438\u044f<\/td>\r\n<td>+370 687 78641<\/td>\r\n<td>regina.makauskiene@gmail.com<\/td>\r\n<td>LT, DE, RU<\/td>\r\n<td>\u041f\u0430\u043b\u0430\u043d\u0433\u0430, \u041f\u0430\u0440\u043a \u0411\u0438\u0440\u0443\u0442\u0435, \u041c\u0443\u0437\u0435\u0439 \u044f\u043d\u0442\u0430\u0440\u044f, \u041a\u043b\u0430\u0439\u043f\u0435\u0434\u0430, \u041c\u043e\u0440\u0441\u043a\u043e\u0439 \u043c\u0443\u0437\u0435\u0439, \u041a\u0443\u0440\u0448\u0441\u043a\u0430\u044f \u043a\u043e\u0441\u0430, \u041c\u043e\u0441\u0435\u0434\u0438\u0441, \u041a\u0440\u0435\u0442\u0438\u043d\u0433\u0430, \u0428\u044f\u0443\u043b\u044f\u0439, \u041a\u0430\u0443\u043d\u0430\u0441, \u0412\u0438\u043b\u044c\u043d\u044e\u0441.<\/td>\r\n<\/tr>\r\n<tr>\r\n<td><strong>Svetlana Protien\u0117<\/strong>\r\n\r\n\u0412\u044b\u0441\u0448\u0430\u044f \u043a\u0430\u0442\u0435\u0433\u043e\u0440\u0438\u044f<\/td>\r\n<td>+370 680 22116<\/td>\r\n<td>sprotiene@yahoo.com<\/td>\r\n<td>RU<\/td>\r\n<td>\u041f\u0430\u043b\u0430\u043d\u0433\u0430, \u041f\u0430\u0440\u043a \u0411\u0438\u0440\u0443\u0442\u0435, \u041c\u0443\u0437\u0435\u0439 \u044f\u043d\u0442\u0430\u0440\u044f, \u041a\u043b\u0430\u0439\u043f\u0435\u0434\u0430, \u041c\u043e\u0440\u0441\u043a\u043e\u0439 \u043c\u0443\u0437\u0435\u0439, \u041c\u0443\u0437\u0435\u0439 \u0447\u0430\u0441\u043e\u0432, \u0414\u0438\u043d\u043e \u043f\u0430\u0440\u043a, \u041a\u0443\u0440\u0448\u0441\u043a\u0430\u044f \u043a\u043e\u0441\u0430, \u041a\u0440\u0435\u0442\u0438\u043d\u0433\u0430, \u0423\u0441\u0430\u0434\u044c\u0431\u0430 \u041e\u0440\u0432\u0438\u0434\u0430\u0441\u043e\u0432, \u041c\u043e\u0441\u0435\u0434\u0438\u0441, \u041f\u043b\u0430\u0442\u044f\u043b\u044f\u0439, \u0420\u0438\u0433\u0430.<\/td>\r\n<\/tr>\r\n<\/tbody>\r\n<\/table>"},"_links":{"self":[{"href":"https:\/\/www.visit-palanga.lt\/ru\/wp-json\/wp\/v2\/pages\/22542","targetHints":{"allow":["GET"]}}],"collection":[{"href":"https:\/\/www.visit-palanga.lt\/ru\/wp-json\/wp\/v2\/pages"}],"about":[{"href":"https:\/\/www.visit-palanga.lt\/ru\/wp-json\/wp\/v2\/types\/page"}],"author":[{"embeddable":true,"href":"https:\/\/www.visit-palanga.lt\/ru\/wp-json\/wp\/v2\/users\/1"}],"replies":[{"embeddable":true,"href":"https:\/\/www.visit-palanga.lt\/ru\/wp-json\/wp\/v2\/comments?post=22542"}],"version-history":[{"count":2,"href":"https:\/\/www.visit-palanga.lt\/ru\/wp-json\/wp\/v2\/pages\/22542\/revisions"}],"predecessor-version":[{"id":54878,"href":"https:\/\/www.visit-palanga.lt\/ru\/wp-json\/wp\/v2\/pages\/22542\/revisions\/54878"}],"up":[{"embeddable":true,"href":"https:\/\/www.visit-palanga.lt\/ru\/wp-json\/wp\/v2\/pages\/22491"}],"wp:attachment":[{"href":"https:\/\/www.visit-palanga.lt\/ru\/wp-json\/wp\/v2\/media?parent=22542"}],"curies":[{"name":"wp","href":"https:\/\/api.w.org\/{rel}","templated":true}]}}