{"id":22350,"date":"2022-01-19T10:45:08","date_gmt":"2022-01-19T08:45:08","guid":{"rendered":"https:\/\/www.visit-palanga.lt\/structure-and-contacts\/"},"modified":"2022-12-20T16:20:16","modified_gmt":"2022-12-20T14:20:16","slug":"%d1%81%d1%82%d1%80%d1%83%d0%ba%d1%82%d1%83%d1%80%d0%b0-%d0%b8-%d0%ba%d0%be%d0%bd%d1%82%d0%b0%d0%ba%d1%82%d1%8b","status":"publish","type":"page","link":"https:\/\/www.visit-palanga.lt\/ru\/%d0%be-%d1%82%d0%b8%d1%86-%d0%bf%d0%b0%d0%bb%d0%b0%d0%bd%d0%b3%d0%b8\/%d1%81%d1%82%d1%80%d1%83%d0%ba%d1%82%d1%83%d1%80%d0%b0-%d0%b8-%d0%ba%d0%be%d0%bd%d1%82%d0%b0%d0%ba%d1%82%d1%8b\/","title":{"rendered":"\u0421\u0442\u0440\u0443\u043a\u0442\u0443\u0440\u0430 \u0438 \u043a\u043e\u043d\u0442\u0430\u043a\u0442\u044b"},"content":{"rendered":"","protected":false},"excerpt":{"rendered":"","protected":false},"author":1,"featured_media":0,"parent":22485,"menu_order":0,"comment_status":"closed","ping_status":"closed","template":"templates\/page-text.php","meta":{"_acf_changed":false,"inline_featured_image":false,"footnotes":""},"class_list":["post-22350","page","type-page","status-publish","hentry"],"acf":{"tekstinis_puslapis_tekstas":"<img class=\"alignnone size-medium wp-image-1376\" src=\"https:\/\/www.visit-palanga.lt\/wp-content\/uploads\/2022\/01\/Palanga_logo_spalvotas1-300x194.jpg\" alt=\"\" width=\"300\" height=\"194\" \/>\r\n\r\n<strong>\u0421\u043e\u0442\u0440\u0443\u0434\u043d\u0438\u043a\u0438 \u0422\u0443\u0440\u0438\u0441\u0442\u0438\u0447\u0435\u0441\u043a\u043e\u0433\u043e \u0438\u043d\u0444\u043e\u0440\u043c\u0430\u0446\u0438\u043e\u043d\u043d\u043e\u0433\u043e \u0446\u0435\u043d\u0442\u0440\u0430 \u0433. \u041f\u0430\u043b\u0430\u043d\u0433\u0438<\/strong>\r\n<table width=\"564\">\r\n<tbody>\r\n<tr>\r\n<td><strong>\u0418\u043c\u044f, \u0444\u0430\u043c\u0438\u043b\u0438\u044f<\/strong><\/td>\r\n<td><strong>\u0414\u043e\u043b\u0436\u043d\u043e\u0441\u0442\u0438<\/strong><\/td>\r\n<\/tr>\r\n<tr>\r\n<td>Rasa Kmitien\u0117\r\n\r\n\u0442\u0435\u043b. +370 460 48822\r\n\r\n\u043c\u043e\u0431. \u0442\u0435\u043b. +370 674 10608\r\n\r\n\u043c\u043e\u0431. \u0442\u0435\u043b. +370 656 84886\r\n\r\n<a href=\"mailto:rasa.kmitiene@visit-palanga.lt\">rasa.kmitiene@visit-palanga.lt<\/a>\r\n\r\n<a href=\"mailto:info@visit-palanga.lt\">info@visit-palanga.lt<\/a>\r\n\r\n<a href=\"https:\/\/www.palangatic.lt\/data\/ckfinder\/files\/RASA%20KMITIEN%C4%96_CV_interneto%20svetainei.pdf\">\u0420\u0435\u0437\u044e\u043c\u0435 (CV)<\/a><\/td>\r\n<td>\u0414\u0438\u0440\u0435\u043a\u0442\u043e\u0440<\/td>\r\n<\/tr>\r\n<tr>\r\n<td>-<\/td>\r\n<td>\u0417\u0430\u043c\u0435\u0441\u0442\u0438\u0442\u0435\u043b\u044c<\/td>\r\n<\/tr>\r\n<tr>\r\n<td>Laura Kubili\u016bt\u0117\r\n\r\ntel. +370 460 48811\r\n\r\nmob. tel. +370 674 37100\r\n\r\n<a href=\"mailto:laura.kubiliute@visit-palanga.lt\">laura.kubiliute@visit-palanga.lt<\/a><\/td>\r\n<td>\u041c\u0435\u043d\u0435\u0434\u0436\u0435\u0440 \u043f\u043e \u0442\u0443\u0440\u0438\u0437\u043c\u0443<\/td>\r\n<\/tr>\r\n<tr>\r\n<td>Sonata Kedien\u0117\r\n\r\ntel. +370 460 48811\r\n\r\n<a href=\"mailto:sonata.kediene@visit-palanga.lt\">sonata.kediene@visit-palanga.lt<\/a><\/td>\r\n<td>\u041c\u0435\u043d\u0435\u0434\u0436\u0435\u0440 \u043f\u043e \u0442\u0443\u0440\u0438\u0437\u043c\u0443<\/td>\r\n<\/tr>\r\n<tr>\r\n<td>Au\u0161ra Stankevi\u010dien\u0117\r\n\r\ntel. +370 460 48811\r\n\r\n<a href=\"mailto:ausra.stankeviciene@visit-palanga.lt\">ausra.stankeviciene@visit-palanga.lt<\/a>\r\n\r\n&nbsp;<\/td>\r\n<td>\u0421\u043f\u0435\u0446\u0438\u0430\u043b\u0438\u0441\u0442 \u0438\u043d\u0444\u043e\u0440\u043c\u0430\u0446\u0438\u0438 \u043f\u043e \u0442\u0443\u0440\u0438\u0437\u043c\u0443<\/td>\r\n<\/tr>\r\n<tr>\r\n<td>Viktorija Mar\u010diu\u0161kien\u0117\r\n\r\n(\u0432\u0440\u0435\u043c\u0435\u043d\u043d\u043e \u043d\u0435 \u0440\u0430\u0431\u043e\u0442\u0430\u0435\u0442)<\/td>\r\n<td>\u041c\u0435\u043d\u0435\u0434\u0436\u0435\u0440 \u043f\u043e \u0442\u0443\u0440\u0438\u0437\u043c\u0443<\/td>\r\n<\/tr>\r\n<tr>\r\n<td><em>Gint\u0117 Monstvilien\u0117<\/em>\r\n\r\n<em>(\u0432\u0440\u0435\u043c\u0435\u043d\u043d\u043e \u043d\u0435 \u0440\u0430\u0431\u043e\u0442\u0430\u0435\u0442)<\/em><\/td>\r\n<td>\u0421\u043f\u0435\u0446\u0438\u0430\u043b\u0438\u0441\u0442 \u0438\u043d\u0444\u043e\u0440\u043c\u0430\u0446\u0438\u0438 \u043f\u043e \u0442\u0443\u0440\u0438\u0437\u043c\u0443<\/td>\r\n<\/tr>\r\n<tr>\r\n<td>Mindaugas Valaitis\r\n\r\n+370 460 48811\r\n\r\n<a href=\"mailto:it@visit-palanga.lt\">it@visit-palanga.lt<\/a><\/td>\r\n<td>\u0418\u0422 \u0441\u043f\u0435\u0446\u0438\u0430\u043b\u0438\u0441\u0442<\/td>\r\n<\/tr>\r\n<tr>\r\n<td>Inga Stonkien\u0117\r\n\r\nTel. +370 460 45005\r\n\r\n<a href=\"mailto:inga.stonkiene@visit-palanga.lt\">inga.stonkiene@visit-palanga.lt<\/a><\/td>\r\n<td>\u0411\u0443\u0445\u0433\u0430\u043b\u0442\u0435\u0440<\/td>\r\n<\/tr>\r\n<tr>\r\n<td>Remigijus Narmontas<\/td>\r\n<td>\u042d\u043d\u0435\u0440\u0433\u0435\u0442\u0438\u043a<\/td>\r\n<\/tr>\r\n<tr>\r\n<td>Asta Oginskien\u0117<\/td>\r\n<td>\u0423\u0431\u043e\u0440\u0449\u0438\u0446\u0430<\/td>\r\n<\/tr>\r\n<\/tbody>\r\n<\/table>"},"_links":{"self":[{"href":"https:\/\/www.visit-palanga.lt\/ru\/wp-json\/wp\/v2\/pages\/22350","targetHints":{"allow":["GET"]}}],"collection":[{"href":"https:\/\/www.visit-palanga.lt\/ru\/wp-json\/wp\/v2\/pages"}],"about":[{"href":"https:\/\/www.visit-palanga.lt\/ru\/wp-json\/wp\/v2\/types\/page"}],"author":[{"embeddable":true,"href":"https:\/\/www.visit-palanga.lt\/ru\/wp-json\/wp\/v2\/users\/1"}],"replies":[{"embeddable":true,"href":"https:\/\/www.visit-palanga.lt\/ru\/wp-json\/wp\/v2\/comments?post=22350"}],"version-history":[{"count":2,"href":"https:\/\/www.visit-palanga.lt\/ru\/wp-json\/wp\/v2\/pages\/22350\/revisions"}],"predecessor-version":[{"id":29346,"href":"https:\/\/www.visit-palanga.lt\/ru\/wp-json\/wp\/v2\/pages\/22350\/revisions\/29346"}],"up":[{"embeddable":true,"href":"https:\/\/www.visit-palanga.lt\/ru\/wp-json\/wp\/v2\/pages\/22485"}],"wp:attachment":[{"href":"https:\/\/www.visit-palanga.lt\/ru\/wp-json\/wp\/v2\/media?parent=22350"}],"curies":[{"name":"wp","href":"https:\/\/api.w.org\/{rel}","templated":true}]}}