{"id":55195,"date":"2022-09-22T18:16:27","date_gmt":"2022-09-22T15:16:27","guid":{"rendered":"https:\/\/www.visit-palanga.lt\/what-to-do\/dviraciu-marsrutai\/"},"modified":"2025-10-07T06:08:31","modified_gmt":"2025-10-07T03:08:31","slug":"bicycle-routes","status":"publish","type":"page","link":"https:\/\/www.visit-palanga.lt\/en\/what-to-do\/bicycle-routes\/","title":{"rendered":"Bicycle routes"},"content":{"rendered":"","protected":false},"excerpt":{"rendered":"","protected":false},"author":1,"featured_media":0,"parent":22708,"menu_order":0,"comment_status":"closed","ping_status":"closed","template":"templates\/page-text.php","meta":{"_acf_changed":false,"inline_featured_image":false,"footnotes":""},"class_list":["post-55195","page","type-page","status-publish","hentry"],"acf":{"tekstinis_puslapis_tekstas":"<iframe style=\"width: 100%; border: none;\" src=\"https:\/\/www.google.com\/maps\/d\/embed?mid=1-3DIISWyJ_pGmAIiIqz9UEbGA1zvmvc&amp;ehbc=2E312F\" width=\"640\" height=\"480\"><\/iframe>\r\n\r\nMAR\u0160RUTAS\r\n\r\nPalanga \u2013 \u0160ventoji \u2013 B\u016bting\u0117\r\n\r\n\u2691 PRAD\u017dIA: Palanga \u2013 Muzikinis fontanas\r\n\r\n\u2691 PABAIGA: B\u016bting\u0117 \u2013 Poilsiaviet\u0117 \u201eMi\u0161kas visiems\"\r\n\r\nATSTUMAS: 20 km.\r\n\r\nSKIRTA: visiems, mylintiems Palang\u0105 ir norintiems daugiau su\u017einoti apie kurorto istorijos, gamtos ir kult\u016bros paveldo objektus\r\n\r\nKELIO DANGA: Dvira\u010di\u0173 takas. Puiki ir patogi atkarpa tinkanti keliauti su \u0161eima. Keliausite daugiausia geros kokyb\u0117s dvira\u010di\u0173 takais, \u0161iek gatv\u0117mis ir automobili\u0173 keliu.\r\n\r\n&nbsp;\r\n\r\n<iframe style=\"width: 100%; border: none;\" src=\"https:\/\/www.google.com\/maps\/d\/embed?mid=1pe8MwuqmvOOo6sY3TbdJeqhN_70BUy4&amp;ehbc=2E312F\" width=\"640\" height=\"480\"><\/iframe>\r\n\r\nMAR\u0160RUTAS\r\n\r\nPalanga \u2013 Nemirseta\r\n\r\n\u2691 PRAD\u017dIA: Palanga \u2013 Muzikinis fontanas\r\n\r\n\u2691 PABAIGA: Nemirseta, Melno sutartimi sudarytos LDK valstybin\u0117s sienos atkarpa II\r\n\r\nATSTUMAS: 15 km.\r\n\r\nSKIRTA: visiems, mylintiems Palang\u0105 ir norintiems daugiau su\u017einoti apie kurorto istorijos, gamtos ir kult\u016bros paveldo objektus\r\n\r\nKELIO DANGA: Dvira\u010di\u0173 takas. Puiki ir patogi atkarpa tinkanti keliauti su \u0161eima. Keliausite daugiausia geros kokyb\u0117s dvira\u010di\u0173 takais, \u0161iek gatv\u0117mis ir automobili\u0173 keliu."},"_links":{"self":[{"href":"https:\/\/www.visit-palanga.lt\/en\/wp-json\/wp\/v2\/pages\/55195","targetHints":{"allow":["GET"]}}],"collection":[{"href":"https:\/\/www.visit-palanga.lt\/en\/wp-json\/wp\/v2\/pages"}],"about":[{"href":"https:\/\/www.visit-palanga.lt\/en\/wp-json\/wp\/v2\/types\/page"}],"author":[{"embeddable":true,"href":"https:\/\/www.visit-palanga.lt\/en\/wp-json\/wp\/v2\/users\/1"}],"replies":[{"embeddable":true,"href":"https:\/\/www.visit-palanga.lt\/en\/wp-json\/wp\/v2\/comments?post=55195"}],"version-history":[{"count":2,"href":"https:\/\/www.visit-palanga.lt\/en\/wp-json\/wp\/v2\/pages\/55195\/revisions"}],"predecessor-version":[{"id":72968,"href":"https:\/\/www.visit-palanga.lt\/en\/wp-json\/wp\/v2\/pages\/55195\/revisions\/72968"}],"up":[{"embeddable":true,"href":"https:\/\/www.visit-palanga.lt\/en\/wp-json\/wp\/v2\/pages\/22708"}],"wp:attachment":[{"href":"https:\/\/www.visit-palanga.lt\/en\/wp-json\/wp\/v2\/media?parent=55195"}],"curies":[{"name":"wp","href":"https:\/\/api.w.org\/{rel}","templated":true}]}}