{"id":54766,"date":"2023-03-08T09:05:37","date_gmt":"2023-03-08T07:05:37","guid":{"rendered":"https:\/\/www.visit-palanga.lt\/about-palanga-tic\/projektas-tourinfonet\/"},"modified":"2025-06-01T13:58:16","modified_gmt":"2025-06-01T10:58:16","slug":"tourinfonet-project","status":"publish","type":"page","link":"https:\/\/www.visit-palanga.lt\/en\/about-palanga-tic\/tourinfonet-project\/","title":{"rendered":"TourInfoNet Project"},"content":{"rendered":"<p style=\"text-align: left;\">Vakar\u0173 Lietuvos turizmo informacijos centrai kartu su kolegomis i\u0161 Kaliningrado srities bei Pamario ir Varmijos Moz\u016br\u0173 vaivadij\u0173\u00a0 vykdo Lietuvos, Lenkijos ir Rusijos Federacijos bendradarbiavimo per sien\u0105 programos dalinai finansuojam\u0105 projekt\u0105 \u201eTourInfoNet\u201c.<\/p>\n<p style=\"text-align: left;\">2007-2013 m. Europos kaimynyst\u0117s ir partneryst\u0117s priemon\u0117s Lietuvos, Lenkijos ir Rusijos bendradarbiavimo per sien\u0105 programos tikslas \u2013 skatinti ekonomin\u012f ir socialin\u012f vystym\u0105si ES bei Rusijos pasienio regionuose, sprend\u017eiant bendras problemas ir i\u0161\u0161\u016bkius, bei skatinant bendradarbiavim\u0105 tarp kaimynini\u0173 taut\u0173. Pagal \u0161i\u0105 Program\u0105 ne pelno siekian\u010dios organizacijos i\u0161 Lietuvos ir Lenkijos pasienio region\u0173 kartu su partneriais i\u0161 Kaliningrado srities \u012fgyvendina bendrus projektus, kuriuos i\u0161 dalies finansuoja ES.<\/p>\n<p style=\"text-align: left;\">Projekte dalyvauja trys \u0161alys:<\/p>\n<ul style=\"text-align: left;\">\n<li>Rusija (Kaliningrado sritis): Kaliningrado regioninis turizmo informacijos centras, Kaliningrado ekonomikos ministerija, Svetlogorsko turizmo informacijos centras.<\/li>\n<li>Lenkija (Pamario ir Varmijos Moz\u016br\u0173 vaivadijos): Pamario regionin\u0117 turizmo organizacija, Varmijos Moz\u016br\u0173 regionin\u0117 turizmo organizacija.<\/li>\n<li>Vakar\u0173 Lietuva: Palangos turizmo informacijos centras, Klaip\u0117dos turizmo ir kult\u016bros informacijos centras, Klaip\u0117dos rajono turizmo informacijos centras.<\/li>\n<\/ul>\n<p style=\"text-align: left;\">Projekto veiklas Lietuvoje koordinuoja Palangos turizmo informacijos centras.<\/p>\n<p style=\"text-align: left;\">Projekto tikslas \u2013 apjungti \u0161i\u0173 region\u0173 turizmo informacij\u0105 \u012f vien\u0105 bendr\u0105 sistem\u0105. \u0160iam tikslui pasiekti buvo sukurtas vieningas internetinis portalas,\u00a0 pastatyti infoterminalai, sukurti region\u0105 populiarinantys leidiniai: \u017eem\u0117lapiai, rengini\u0173 kalendoriai, region\u0173 gidai. Infoterminalai stovi: Palangoje, Klaip\u0117doje, Garg\u017eduose gausiai turist\u0173 lankomose vietose. Taip pat buvo sukurta technologija, kurios pagalba suskai\u010diuoti turist\u0173 srautai TIC\u2019uose.<\/p>\n<p style=\"text-align: left;\">Kaliningrado regioninis turizmo informacijos centras buvo atsakingas u\u017e projekto metu numatyt\u0105 leidyb\u0105: i\u0161leistas spalvingas bei informatyvus viso regiono rengini\u0173 kalendorius 4 kalbomis: lietuvi\u0173, rus\u0173, angl\u0173, lenk\u0173.<\/p>\n<p style=\"text-align: left;\">Projekto ES dalinis finansavimas yra 317 326,95 eur\u0173 (1095666,49 Lt). Projekto trukm\u0117 \u2013 22 m\u0117nesiai.<\/p>\n<p style=\"text-align: left;\">Europos S\u0105junga yra sudaryta i\u0161 28 valstybi\u0173 nari\u0173, kurios nusprend\u0117 palaipsniui suvienyti savo \u017einias, i\u0161teklius ir likimus. Per 50 pl\u0117tros met\u0173 jos kartu suk\u016br\u0117 stabilumo, demokratijos ir tvarios pl\u0117tros zon\u0105, tuo pa\u010diu i\u0161laikydamos kult\u016br\u0173 \u012fvairov\u0119, tolerancij\u0105 ir asmens laisves. Europos S\u0105junga yra \u012fsipareigojusi dalintis savo pasiekimais ir savo vertyb\u0117mis su \u0161alimis ir tautomis u\u017e savo rib\u0173.<\/p>\n<p style=\"text-align: left;\"><a href=\"http:\/\/www.tourinfonet.net\/lt\"><strong>www.tourinfonet.net\/lt<\/strong><\/a><\/p>\n","protected":false},"excerpt":{"rendered":"<p>Vakar\u0173 Lietuvos turizmo informacijos centrai kartu su kolegomis i\u0161 Kaliningrado srities bei Pamario ir Varmijos Moz\u016br\u0173 vaivadij\u0173\u00a0 vykdo Lietuvos, Lenkijos ir Rusijos Federacijos bendradarbiavimo per sien\u0105 programos dalinai finansuojam\u0105 projekt\u0105 \u201eTourInfoNet\u201c. 2007-2013 m. Europos kaimynyst\u0117s ir partneryst\u0117s priemon\u0117s Lietuvos, Lenkijos ir Rusijos bendradarbiavimo per sien\u0105 programos tikslas \u2013 skatinti ekonomin\u012f ir socialin\u012f vystym\u0105si ES bei [&hellip;]<\/p>\n","protected":false},"author":2,"featured_media":0,"parent":22482,"menu_order":0,"comment_status":"closed","ping_status":"closed","template":"templates\/page-text.php","meta":{"_acf_changed":false,"inline_featured_image":false,"footnotes":""},"class_list":["post-54766","page","type-page","status-publish","hentry"],"acf":{"tekstinis_puslapis_tekstas":"Tourist information centers in western Lithuania, together with colleagues from the Kaliningrad region and the Pomeranian and Warmian-Masurian provinces, are implementing the TourInfoNet project, which is partially funded by the Lithuania-Poland-Russia Cross-Border Cooperation Program.\r\n\r\nThe aim of the 2007-2013 European Neighbourhood and Partnership Instrument Cross-Border Cooperation Programme between Lithuania, Poland and Russia is to promote economic and social development in the EU and Russian border regions by addressing common problems and challenges and encouraging cooperation between neighbouring nations. Under this program, non-profit organizations from the border regions of Lithuania and Poland, together with partners from the Kaliningrad region, are implementing joint projects that are partly funded by the EU.\r\n\r\nThree countries are participating in the project:\r\n\r\nRussia (Kaliningrad region): Kaliningrad Regional Tourism Information Center, Kaliningrad Ministry of Economy, Svetlogorsk Tourism Information Center.\r\nPoland (Pomerania and Warmia-Masuria provinces): Pomerania Regional Tourism Organization, Warmia-Masuria Regional Tourism Organization.\r\nWestern Lithuania: Palanga Tourism Information Center, Klaip\u0117da Tourism and Culture Information Center, Klaip\u0117da District Tourism Information Center.\r\n\r\nThe project activities in Lithuania are coordinated by the Palanga Tourism Information Center.\r\n\r\nThe aim of the project is to combine the tourism information of these regions into a single system. To achieve this goal, a unified internet portal was created, information terminals were installed, and publications promoting the region were created: maps, event calendars, and regional guides. The information terminals are located in Palanga, Klaip\u0117da, and Garg\u017edai, in places frequently visited by tourists. Technology was also developed to count tourist flows at TICs.\r\n\r\nThe Kaliningrad Regional Tourism Information Center was responsible for the publications planned during the project: a colorful and informative calendar of events for the entire region was published in four languages: Lithuanian, Russian, English, and Polish.\r\n\r\nThe EU's partial funding for the project is \u20ac317,326.95 (LTL 1,095,666.49). The project will last for 22 months.\r\n\r\nThe European Union is made up of 28 member states that have decided to gradually unite their knowledge, resources, and destinies. Over 50 years of expansion, they have created an area of stability, democracy, and sustainable development, while maintaining cultural diversity, tolerance, and individual freedoms. The European Union is committed to sharing its achievements and values with countries and peoples beyond its borders.\r\n\r\n<a href=\"http:\/\/www.tourinfonet.net\/lt\">www.tourinfonet.net\/lt<\/a>"},"_links":{"self":[{"href":"https:\/\/www.visit-palanga.lt\/en\/wp-json\/wp\/v2\/pages\/54766","targetHints":{"allow":["GET"]}}],"collection":[{"href":"https:\/\/www.visit-palanga.lt\/en\/wp-json\/wp\/v2\/pages"}],"about":[{"href":"https:\/\/www.visit-palanga.lt\/en\/wp-json\/wp\/v2\/types\/page"}],"author":[{"embeddable":true,"href":"https:\/\/www.visit-palanga.lt\/en\/wp-json\/wp\/v2\/users\/2"}],"replies":[{"embeddable":true,"href":"https:\/\/www.visit-palanga.lt\/en\/wp-json\/wp\/v2\/comments?post=54766"}],"version-history":[{"count":1,"href":"https:\/\/www.visit-palanga.lt\/en\/wp-json\/wp\/v2\/pages\/54766\/revisions"}],"predecessor-version":[{"id":54772,"href":"https:\/\/www.visit-palanga.lt\/en\/wp-json\/wp\/v2\/pages\/54766\/revisions\/54772"}],"up":[{"embeddable":true,"href":"https:\/\/www.visit-palanga.lt\/en\/wp-json\/wp\/v2\/pages\/22482"}],"wp:attachment":[{"href":"https:\/\/www.visit-palanga.lt\/en\/wp-json\/wp\/v2\/media?parent=54766"}],"curies":[{"name":"wp","href":"https:\/\/api.w.org\/{rel}","templated":true}]}}