{"id":51106,"date":"2025-02-28T14:28:16","date_gmt":"2025-02-28T12:28:16","guid":{"rendered":"https:\/\/www.visit-palanga.lt\/?page_id=51106"},"modified":"2025-06-01T14:13:38","modified_gmt":"2025-06-01T11:13:38","slug":"the-smart-resort-heritage-project","status":"publish","type":"page","link":"https:\/\/www.visit-palanga.lt\/en\/about-palanga-tic\/implemented-projects\/the-smart-resort-heritage-project\/","title":{"rendered":"The \u201cSmart Resort Heritage\u201d project"},"content":{"rendered":"","protected":false},"excerpt":{"rendered":"","protected":false},"author":2,"featured_media":0,"parent":22476,"menu_order":0,"comment_status":"closed","ping_status":"closed","template":"templates\/page-text.php","meta":{"_acf_changed":false,"inline_featured_image":false,"footnotes":""},"class_list":["post-51106","page","type-page","status-publish","hentry"],"acf":{"tekstinis_puslapis_tekstas":"<strong>E-marketing project \"Amber Journey\"<\/strong>\r\n\r\n<img class=\"alignnone size-medium wp-image-22614\" src=\"https:\/\/www.visit-palanga.lt\/wp-content\/uploads\/2022\/04\/logotipas-5809-300x190.jpg\" alt=\"\" width=\"300\" height=\"190\" \/>\r\n\r\nAmber journey \u2013 a joint project of Palanga Municipality and Neringa Municipality aimed to increase the awareness and attendance of cultural and natural heritage objects related to amber. The goal is achieved through the use of modern electronic means, creating an interactive content for it (augmented reality and 360 solutions, mobile application, gaming platform, etc.). The project is funded by the European Regional Development Fund.\r\n\r\n<a href=\"http:\/\/www.gintarokelione.lt\">www.gintarokelione.lt<\/a>\r\n\r\n<strong>Social Networks:<\/strong>\r\n\r\n<a href=\"https:\/\/www.facebook.com\/gintarokelione\/\"><img class=\"alignnone wp-image-22617 size-full\" src=\"https:\/\/www.visit-palanga.lt\/wp-content\/uploads\/2022\/04\/23130719_402633773487052_5613531889467620819_n1.jpg\" alt=\"\" width=\"300\" height=\"300\" \/><\/a>\r\n<ul>\r\n \t<li><strong>Facebook:<\/strong>\u00a0<a href=\"https:\/\/www.facebook.com\/amberjourneyen\/\" target=\"_blank\" rel=\"noopener\">AmberJourney<\/a><\/li>\r\n \t<li><strong>Instagram:<\/strong>\u00a0<a href=\"https:\/\/www.instagram.com\/amberjourneyen\/\" target=\"_blank\" rel=\"noopener\">amberjourney<\/a><\/li>\r\n \t<li><strong>Twitter:<\/strong>\u00a0<a href=\"https:\/\/twitter.com\/amberjourneyen\" target=\"_blank\" rel=\"noopener\">Amberjourney<\/a><\/li>\r\n<\/ul>\r\n<strong>E-brochure:\u00a0<\/strong><a href=\"https:\/\/www.visit-palanga.lt\/wp-content\/uploads\/2022\/04\/EN_ePUB_Gintaro-Kelione_compressed1.pdf\" target=\"_blank\" rel=\"noopener\">Amber Journey<\/a>\r\n\r\n<img class=\"alignnone size-medium wp-image-23068\" src=\"https:\/\/www.visit-palanga.lt\/wp-content\/uploads\/2022\/04\/70123908_773888976361528_1744713099723669504_o-212x300.jpg\" alt=\"\" width=\"212\" height=\"300\" \/>\r\n\r\n<strong>Mobile guide\/app:<\/strong>\r\n\r\n<a href=\"https:\/\/play.google.com\/store\"><img class=\"alignnone wp-image-23071 size-medium\" src=\"https:\/\/www.visit-palanga.lt\/wp-content\/uploads\/2022\/04\/67638905_750668285350264_7447096558207631360_n-159x300.jpg\" alt=\"\" width=\"159\" height=\"300\" \/><\/a>\r\n\r\n<a href=\"https:\/\/play.google.com\/store\/apps\/details?id=com.gintarokeliones&amp;hl=en_US\"><img class=\"alignnone wp-image-23074 size-full\" src=\"https:\/\/www.visit-palanga.lt\/wp-content\/uploads\/2022\/04\/android1.png\" alt=\"\" width=\"204\" height=\"60\" \/><\/a> <a href=\"https:\/\/apps.apple.com\/us\/app\/gintaro-kelion%C4%97\/id1438621658\"><img class=\"alignnone wp-image-23077 size-full\" src=\"https:\/\/www.visit-palanga.lt\/wp-content\/uploads\/2022\/04\/apple1.png\" alt=\"\" width=\"204\" height=\"60\" \/><\/a>\r\n\r\n&nbsp;\r\n\r\n<strong>Project \"Resort heritage wisely\"<\/strong>\r\n\r\n<img class=\"alignnone size-medium wp-image-23080\" src=\"https:\/\/www.visit-palanga.lt\/wp-content\/uploads\/2022\/04\/logotipas-5809-1-300x190.jpg\" alt=\"\" width=\"300\" height=\"190\" \/>\r\n\r\n<a href=\"https:\/\/www.lithuanianresorts.lt\/en\/\" target=\"_blank\" rel=\"noopener\">www.lietuvoskurortai.lt<\/a>\r\n\r\n<a href=\"http:\/\/www.lietuvoskurortai.lt\"><img class=\"alignnone wp-image-23088 size-full\" src=\"https:\/\/www.visit-palanga.lt\/wp-content\/uploads\/2022\/04\/lietuvos_kurortai_logo_29.png\" alt=\"\" width=\"205\" height=\"71\" \/><\/a>\r\n\r\n<strong>Social Networks:<\/strong>\r\n<ul>\r\n \t<li><strong>Facebook:<\/strong>\u00a0<a href=\"https:\/\/www.facebook.com\/Kurortupaveldas\/\" target=\"_blank\" rel=\"noopener\">Kurort\u0173 paveldas<\/a><\/li>\r\n<\/ul>\r\n<strong>Mob. gadget\/Audio guide:<\/strong>\r\n\r\n<em>A short walk can be fun and at the same time relaxing.<\/em>\r\n\r\n<em>With the help of an audio guide, tourists will be able to get acquainted with the origins of resorts, natural healing methods and their impact on people. The created routes will include lesser-known, but very interesting, everyday enriching things next to the main resort objects.<\/em>\r\n\r\n<img class=\"alignnone size-medium wp-image-23083\" src=\"https:\/\/www.visit-palanga.lt\/wp-content\/uploads\/2022\/04\/mob-phone-179x300.png\" alt=\"\" width=\"179\" height=\"300\" \/>\r\n\r\n<a href=\"https:\/\/play.google.com\/store\/apps\/details?id=com.kurortai.lietuvos2\"><img class=\"alignnone wp-image-23074 size-full\" src=\"https:\/\/www.visit-palanga.lt\/wp-content\/uploads\/2022\/04\/android1.png\" alt=\"\" width=\"204\" height=\"60\" \/><\/a> <a href=\"https:\/\/www.lietuvoskurortai.lt\/\"><img class=\"alignnone wp-image-23077 size-full\" src=\"https:\/\/www.visit-palanga.lt\/wp-content\/uploads\/2022\/04\/apple1.png\" alt=\"\" width=\"204\" height=\"60\" \/><\/a>\r\n\r\n<strong>Projekto \u201eKurort\u0173 paveldas i\u0161maniai\u201c Palangos objekt\u0173 audiogidai:<\/strong>\r\n<ol start=\"17\">\r\n \t<li><strong>Audio guides:<\/strong><a href=\"https:\/\/www.palangatic.lt\/data\/ckfinder\/files\/17_%20Skulpt%C5%ABra%20%E2%80%9ETau%20Birute%E2%80%9C%20ENG.mp3\" target=\"_blank\" rel=\"noopener\">17. Skulpt\u016bra \u201eTau Birute\u201c EN<\/a><a href=\"https:\/\/www.visit-palanga.lt\/wp-content\/uploads\/2022\/04\/18_-Aukuras-prie-Birutes-kalno-lurdas-ENG.mp3\" target=\"_blank\" rel=\"noopener\">18. Aukuras prie Birut\u0117s kalno, lurdas EN<\/a>\r\n\r\n<a href=\"https:\/\/www.visit-palanga.lt\/wp-content\/uploads\/2022\/04\/19_-Birutes-kalno-koplycia-ENG.mp3\" target=\"_blank\" rel=\"noopener\">19. Birut\u0117s kalno koply\u010dia EN<\/a>\r\n\r\n<a href=\"https:\/\/www.visit-palanga.lt\/wp-content\/uploads\/2022\/04\/22_-Juros-tiltas-ENG.mp3\" target=\"_blank\" rel=\"noopener\">22. J\u016bros tiltas EN<\/a>\r\n\r\n<a href=\"https:\/\/www.visit-palanga.lt\/wp-content\/uploads\/2022\/04\/25_-Naglio-kalnas-ENG.mp3\" target=\"_blank\" rel=\"noopener\">25. Naglio kalnas EN<\/a>\r\n\r\n<a href=\"https:\/\/www.visit-palanga.lt\/wp-content\/uploads\/2022\/04\/26_-Vila-\u201eAnapilis-ENG1.mp3\" target=\"_blank\" rel=\"noopener\">26. Vila \u201eAnapilis\u201c EN<\/a>\r\n\r\n<a href=\"https:\/\/www.visit-palanga.lt\/wp-content\/uploads\/2022\/04\/27_-Kurhauzas-ENG.mp3\" target=\"_blank\" rel=\"noopener\">27. Kurhauzas EN<\/a>\r\n\r\n<a href=\"https:\/\/www.visit-palanga.lt\/wp-content\/uploads\/2022\/04\/30_-Antano-Moncio-namai-\u2013-muziejus-ENG.mp3\" target=\"_blank\" rel=\"noopener\">30. Antano Mon\u010dio namai \u2013 muziejus EN<\/a>\r\n\r\n<a href=\"https:\/\/www.visit-palanga.lt\/wp-content\/uploads\/2022\/04\/31_-J_-Sliupo-memorialine-sodyba-ENG.mp3\" target=\"_blank\" rel=\"noopener\">31. J. \u0160li\u016bpo memorialin\u0117 sodyba EN<\/a>\r\n\r\n<a href=\"https:\/\/www.visit-palanga.lt\/wp-content\/uploads\/2022\/04\/32_-Birutes-parko-sargo-namelis-ENG.mp3\" target=\"_blank\" rel=\"noopener\">32. Birut\u0117s parko sargo namelis EN<\/a><\/li>\r\n<\/ol>"},"_links":{"self":[{"href":"https:\/\/www.visit-palanga.lt\/en\/wp-json\/wp\/v2\/pages\/51106","targetHints":{"allow":["GET"]}}],"collection":[{"href":"https:\/\/www.visit-palanga.lt\/en\/wp-json\/wp\/v2\/pages"}],"about":[{"href":"https:\/\/www.visit-palanga.lt\/en\/wp-json\/wp\/v2\/types\/page"}],"author":[{"embeddable":true,"href":"https:\/\/www.visit-palanga.lt\/en\/wp-json\/wp\/v2\/users\/2"}],"replies":[{"embeddable":true,"href":"https:\/\/www.visit-palanga.lt\/en\/wp-json\/wp\/v2\/comments?post=51106"}],"version-history":[{"count":1,"href":"https:\/\/www.visit-palanga.lt\/en\/wp-json\/wp\/v2\/pages\/51106\/revisions"}],"predecessor-version":[{"id":54796,"href":"https:\/\/www.visit-palanga.lt\/en\/wp-json\/wp\/v2\/pages\/51106\/revisions\/54796"}],"up":[{"embeddable":true,"href":"https:\/\/www.visit-palanga.lt\/en\/wp-json\/wp\/v2\/pages\/22476"}],"wp:attachment":[{"href":"https:\/\/www.visit-palanga.lt\/en\/wp-json\/wp\/v2\/media?parent=51106"}],"curies":[{"name":"wp","href":"https:\/\/api.w.org\/{rel}","templated":true}]}}