{"id":22539,"date":"2022-01-19T11:23:03","date_gmt":"2022-01-19T09:23:03","guid":{"rendered":"https:\/\/www.visit-palanga.lt\/gidai\/"},"modified":"2022-04-04T12:14:55","modified_gmt":"2022-04-04T09:14:55","slug":"guides","status":"publish","type":"page","link":"https:\/\/www.visit-palanga.lt\/en\/information\/guides\/","title":{"rendered":"Guides"},"content":{"rendered":"","protected":false},"excerpt":{"rendered":"","protected":false},"author":1,"featured_media":0,"parent":22488,"menu_order":0,"comment_status":"closed","ping_status":"closed","template":"templates\/page-text.php","meta":{"_acf_changed":false,"inline_featured_image":false,"footnotes":""},"class_list":["post-22539","page","type-page","status-publish","hentry"],"acf":{"tekstinis_puslapis_tekstas":"<strong>LT-Lithuanian, RU-Russian, EN-English, DE-German, FR-French, PL-Polish, LV-Latvian, FI-Finnish.<\/strong>\r\n<table border=\"1\" cellspacing=\"0\" cellpadding=\"0\">\r\n<tbody>\r\n<tr>\r\n<td><strong>Name Surname, category<\/strong><\/td>\r\n<td><strong>Mob. tel.<\/strong><\/td>\r\n<td><strong>E-mail<\/strong><\/td>\r\n<td><strong>Languages<\/strong><\/td>\r\n<td><strong>Excursions routes<\/strong><\/td>\r\n<\/tr>\r\n<tr>\r\n<td><strong>Ar\u016bnas \u0160ateika<\/strong>\r\n\r\nVice head of Palanga\u2019s guides guild\r\n\r\n&nbsp;\r\n\r\nThe highest category<\/td>\r\n<td>+370 680 27766<\/td>\r\n<td>&nbsp;<\/td>\r\n<td>LT,\r\n\r\nLV,\r\n\r\nRU<\/td>\r\n<td>Palanga, Birute park, Amber museum, Klaipeda,\u00a0Sea Museum, Curonian Spit, Kretinga,\u00a0 Orvidai Homestead, Plateliai - Zemaiciu Kalvarija - Plunge - Telsiai, Minor Lithuania, Liepaja. Riga, Siauliai and Hill of Crosses.<\/td>\r\n<\/tr>\r\n<tr>\r\n<td><strong>Alicija Gulbinovi\u010d<\/strong>\r\n\r\nII category<\/td>\r\n<td>+370 652 39471<\/td>\r\n<td>algulbinovic@gmail.com<\/td>\r\n<td>LT, RU, PL<\/td>\r\n<td>Palanga, Birute park, Amber museum, Klaipeda,\u00a0Sea Museum, Curonian Spit, Kretinga.<\/td>\r\n<\/tr>\r\n<tr>\r\n<td><strong>Alma Slabo\u0161evi\u010dien\u0117<\/strong>\r\n\r\n&nbsp;\r\n\r\nII category<\/td>\r\n<td>+370 607 00890,\r\n+370 674 37100<\/td>\r\n<td>almagalb@mail.ru<\/td>\r\n<td>LT,\r\n\r\nRU<\/td>\r\n<td>Palanga, Birute park, Amber Museum, Klaipeda, Sea Museum, Curonian Spit.<\/td>\r\n<\/tr>\r\n<tr>\r\n<td><strong>Birut\u0117 Mockuvien\u0117<\/strong>\r\n\r\n&nbsp;\r\n\r\nI category<\/td>\r\n<td>+370\u00a0688 29446<\/td>\r\n<td>b.mockuviene@gmail.com<\/td>\r\n<td>LT,\r\n\r\nRU, EN<\/td>\r\n<td>Palanga, Birute park, Amber Museum, Klaipeda, Sea Museum, Curonian Spit.<\/td>\r\n<\/tr>\r\n<tr>\r\n<td><strong>Emilija Aleknavi\u010dien\u0117<\/strong>\r\n\r\n&nbsp;\r\n\r\nThe highest category<\/td>\r\n<td>+370 652 53879<\/td>\r\n<td>&nbsp;<\/td>\r\n<td>LT, EN, RU<\/td>\r\n<td>Palanga, Birute park, Amber museum, Klaipeda,\u00a0Sea museum, Curonian Spit, Kretinga with Museum and Winter Garden,\u00a0Orvidai Homestead, Mosedis, Plateliai, Silute district, Siauliai and Hill of Crosses, Kaunas, Vilnius.<\/td>\r\n<\/tr>\r\n<tr>\r\n<td><strong>Charis Embrektas<\/strong>\r\n\r\n&nbsp;\r\n\r\nThe highest category\r\n\r\n&nbsp;<\/td>\r\n<td>+370 613 22588<\/td>\r\n<td>&nbsp;<\/td>\r\n<td>LT,\r\n\r\nRU<\/td>\r\n<td>Palanga, Birute park, Amber museum, Klaipeda,\u00a0Sea museum, Curonian Spit, Kretinga with Museum and Winter Garden, Mosedis, Plateliai, Siauliai.<\/td>\r\n<\/tr>\r\n<tr>\r\n<td><strong>Kazys Augutis<\/strong>\r\n\r\n&nbsp;\r\n\r\nThe highest category<\/td>\r\n<td>+370\u00a0619 89643<\/td>\r\n<td>kaugutis@gmail.com<\/td>\r\n<td>LT, RU<\/td>\r\n<td>Palanga, Birute park, Amber museum, Klaipeda,\u00a0Sea museum, Curonian Spit, Kretinga,\u00a0Orvidai Homestead, Mosedis, Plateliai, Plunge, Telsiai, Liepoja, Riga, Siauliai and Hill of Crosses.<\/td>\r\n<\/tr>\r\n<tr>\r\n<td><strong>Laima Saarinen<\/strong>\r\n\r\n&nbsp;\r\n\r\nII category<\/td>\r\n<td>+370 685 86560<\/td>\r\n<td>&nbsp;<\/td>\r\n<td>LT,\r\n\r\nFI,\r\n\r\nRU<\/td>\r\n<td>Palanga, Birute park, Amber museum, Klaipeda,\u00a0Sea museum, Curonian Spit.<\/td>\r\n<\/tr>\r\n<tr>\r\n<td><strong>Loreta Stonien\u0117<\/strong>\r\n\r\n&nbsp;\r\n\r\nII category<\/td>\r\n<td>+370 673 14875<\/td>\r\n<td>loretaistorija@gmail.com<\/td>\r\n<td>LT,\r\n\r\nRU,<\/td>\r\n<td>Palanga, Birute park, Amber museum, Klaipeda,\u00a0Sea museum, Curonian Spit, Druskininkai, Kernave, Trakai, Vilnius.<\/td>\r\n<\/tr>\r\n<tr>\r\n<td><strong>Raimundas Ereminas<\/strong><\/td>\r\n<td>+370\u00a0622 93088<\/td>\r\n<td>pasimatuokeiguliokepure@gmail.com<\/td>\r\n<td>LT, EN, RU<\/td>\r\n<td>Cognitive-educational tour of the wildlife around the region of Klaipeda.<\/td>\r\n<\/tr>\r\n<tr>\r\n<td><strong>Ramun\u0117 Gecien\u0117<\/strong>\r\n\r\n&nbsp;\r\n\r\nII category<\/td>\r\n<td>+370\u00a0686 68298<\/td>\r\n<td>ramune.geciene@gmail.com<\/td>\r\n<td>LT, FR<\/td>\r\n<td>Palanga, Birute park, Amber museum, Klaipeda,\u00a0Sea museum, Curonian Spit.<\/td>\r\n<\/tr>\r\n<tr>\r\n<td><strong>Regina Makauskien\u0117<\/strong>\r\n\r\n&nbsp;\r\n\r\nThe highest category<\/td>\r\n<td>+370 687 78641<\/td>\r\n<td>regina.makauskiene@gmail.com<\/td>\r\n<td>LT, DE, RU<\/td>\r\n<td>Palanga, Birute park, Amber museum, Klaipeda,\u00a0Sea museum, Curonian Spit, Mosedis, Kretinga, Siauliai and Hill of Crosses, Kaunas, Vilnius.<\/td>\r\n<\/tr>\r\n<tr>\r\n<td><strong>Svetlana Protien\u0117<\/strong>\r\n\r\nThe highest category<\/td>\r\n<td>+370 680 22116<\/td>\r\n<td>sprotiene@yahoo.com<\/td>\r\n<td>RU<\/td>\r\n<td>Palanga, Birute park, Amber museum, Klaipeda, Sea museum, Watch museum, Dino park, Curonian Spit, Kretinga, Kretinga museum and Winter garden, Orvidai Homestead, Mosedis, Plateliai, Riga.<\/td>\r\n<\/tr>\r\n<\/tbody>\r\n<\/table>\r\n&nbsp;"},"_links":{"self":[{"href":"https:\/\/www.visit-palanga.lt\/en\/wp-json\/wp\/v2\/pages\/22539","targetHints":{"allow":["GET"]}}],"collection":[{"href":"https:\/\/www.visit-palanga.lt\/en\/wp-json\/wp\/v2\/pages"}],"about":[{"href":"https:\/\/www.visit-palanga.lt\/en\/wp-json\/wp\/v2\/types\/page"}],"author":[{"embeddable":true,"href":"https:\/\/www.visit-palanga.lt\/en\/wp-json\/wp\/v2\/users\/1"}],"replies":[{"embeddable":true,"href":"https:\/\/www.visit-palanga.lt\/en\/wp-json\/wp\/v2\/comments?post=22539"}],"version-history":[{"count":1,"href":"https:\/\/www.visit-palanga.lt\/en\/wp-json\/wp\/v2\/pages\/22539\/revisions"}],"predecessor-version":[{"id":22540,"href":"https:\/\/www.visit-palanga.lt\/en\/wp-json\/wp\/v2\/pages\/22539\/revisions\/22540"}],"up":[{"embeddable":true,"href":"https:\/\/www.visit-palanga.lt\/en\/wp-json\/wp\/v2\/pages\/22488"}],"wp:attachment":[{"href":"https:\/\/www.visit-palanga.lt\/en\/wp-json\/wp\/v2\/media?parent=22539"}],"curies":[{"name":"wp","href":"https:\/\/api.w.org\/{rel}","templated":true}]}}