{"id":22396,"date":"2022-02-22T10:08:53","date_gmt":"2022-02-22T08:08:53","guid":{"rendered":"https:\/\/www.visit-palanga.lt\/korupcijos-prevencija\/"},"modified":"2025-06-02T13:51:38","modified_gmt":"2025-06-02T10:51:38","slug":"prevention-of-corruption","status":"publish","type":"page","link":"https:\/\/www.visit-palanga.lt\/en\/prevention-of-corruption\/","title":{"rendered":"Prevention of corruption"},"content":{"rendered":"","protected":false},"excerpt":{"rendered":"","protected":false},"author":1,"featured_media":0,"parent":0,"menu_order":0,"comment_status":"closed","ping_status":"closed","template":"templates\/page-text.php","meta":{"_acf_changed":false,"inline_featured_image":false,"footnotes":""},"class_list":["post-22396","page","type-page","status-publish","hentry"],"acf":{"tekstinis_puslapis_tekstas":"<div>\r\n\r\n<em><strong>Corruption<\/strong><\/em> \u2013 the direct or indirect pursuit, demand or acceptance by a public official or a person equivalent to a public official of financial or other personal gain (gifts, services, promises, privileges) for themselves or another person for performing or not performing actions in accordance with their duties, as well as actions or inaction by a civil servant or a person equivalent to a civil servant with the aim of by demanding or accepting material or other personal benefits for oneself or another person, as well as the direct or indirect offering or granting of material or other personal benefits (gifts, services, promises, privileges) to a civil servant or a person equivalent to a civil servant for the performance or non-performance of actions in accordance with the duties of a civil servant or a person equivalent to a civil servant, as well as mediation in the commission of the acts referred to in this part.\r\n<div>\r\n<div>\r\n\r\n<em><strong>The objective of corruption prevention<\/strong><\/em> is to ensure that the activities of state and municipal institutions and business enterprises are impartial and transparent.\r\n\r\n(source: <a href=\"https:\/\/www.stt.lt\/korupcijos-prevencija\/7439\" target=\"_blank\" rel=\"noopener\">https:\/\/www.stt.lt\/korupcijos-prevencija\/7439<\/a>)\r\n\r\n<strong>Legislation:<\/strong>\r\n\r\n<a href=\"https:\/\/e-seimas.lrs.lt\/portal\/legalAct\/lt\/TAD\/f1131292dd6011eb866fe2e083228059\">Law on Corruption Prevention of the Republic of Lithuania<\/a>\r\n\r\n<a href=\"https:\/\/www.e-tar.lt\/portal\/lt\/legalAct\/2b958160fdbc11ec8fa7d02a65c371ad\">Resolution on the approval of the national agenda for corruption prevention for 2022-2033<\/a>\r\n\r\n<a href=\"https:\/\/www.stt.lt\/analitine-antikorupcine-zvalgyba\/lietuvos-korupcijos-zemelapis\/7437\">Lithuanian Corruption Map 2022\/2023<\/a>\r\n\r\n<a href=\"http:\/\/visit-palanga.lt\/wp-content\/uploads\/2023\/04\/Korupcijos-prevencijos-2021-2023-m.-programa-ir-priemoniu-planas-2021.08.26-Nr.-T2-161.pdf\">Palanga City Municipality Corruption Prevention Program for 2021\u20132023<\/a>\r\n\r\n<a href=\"https:\/\/www.visit-palanga.lt\/wp-content\/uploads\/2022\/03\/12-1537.pdf\">National Anti-Corruption Program of the Republic of Lithuania for 2015\u20132025<\/a>\r\n\r\n<\/div>\r\n<\/div>\r\n<strong>Responsibility for corruption-related violations of the law:<\/strong>\r\n\r\nResponsibility for established criminal acts of a corrupt nature is established by the Criminal Code of the Republic of Lithuania: bribery (Article 225), bribery (Article 227), abuse of official position (Article 228).\r\nGiving a bribe (bribery) not only violates the established order of governance, but also violates the principle of equality of persons before the law, as in such a case a specific person unlawfully gains an advantage over other persons. The Criminal Code (CC) states that accepting a bribe is punishable more severely than giving one. Article 225 of the CC provides that a person who accepts a bribe \u201cshall be punished by deprivation of the right to hold certain positions or engage in certain activities, or by imprisonment for up to four years,\u201d while a person who gives a bribe \u201cshall be punished by restriction of liberty, a fine, arrest, or imprisonment for up to two years\u201d (Article 227 of the CC).\r\n\r\nA person shall be exempt from criminal liability for bribery only if the bribe was demanded or provoked and the person who offered, promised or gave the bribe reported this to the law enforcement authorities before being notified of the suspicion, or if he offered, promised or gave the bribe with the knowledge of the law enforcement authorities.\r\n\r\n<strong>Citizens can report possible cases of corruption observed at the Palanga Tourist Information Center:<\/strong>\r\n\r\n1. To the director of the Tourism Information Center by email <a href=\"mailto:rasa.kmitiene@palangatic.lt\">rasa.kmitiene@visit-palanga.lt<\/a> and\/or by phone (8 460) 48822.\r\n2. The Special Investigation Service (STT) by email at <a href=\"mailto:pranesk@stt.lt\">pranesk@stt.lt<\/a> and\/or the 24-hour hotline at (8 5) 266 3333. You can also leave a message on the STT website by selecting the link \u201creport corruption\/leave a message here\u201d or by clicking on the moving information panel \u201cYou can reduce corruption.\u201d\r\n3. Palanga City Municipality by email <a href=\"mailto:antikorupcija@palanga.lt\">antikorupcija@palanga.lt<\/a> and\/or by calling the hotline (8 460) 51 502, which operates 24 hours a day (leave a message on the answering machine).\r\n4. The person responsible for the prevention and control of corruption is Tourism Manager Au\u0161ra Stankevi\u010dien\u0117 (8 460) 48811, e-mail <a href=\"mailto:ausra.stankeviciene@visit-palanga.lt\">ausra.stankeviciene@visit-palanga.lt<\/a>\r\n\r\n<strong>Positions at the Palanga Tourism Information Center for which information about the applicant is collected (in accordance with the provisions of Article 15 of the Law on Corruption Prevention of the Republic of Lithuania):<\/strong>\r\n<table style=\"height: 142px;\" border=\"1\" width=\"395\" cellspacing=\"1\" cellpadding=\"1\">\r\n<tbody>\r\n<tr>\r\n<td><strong>Position<\/strong><\/td>\r\n<td><strong>2019<\/strong><\/td>\r\n<td><strong>2020<\/strong><\/td>\r\n<td><strong>2021<\/strong><\/td>\r\n<td><strong>2022<\/strong><\/td>\r\n<td><strong>2023<\/strong><\/td>\r\n<td><strong>2024<\/strong><\/td>\r\n<\/tr>\r\n<tr>\r\n<td>Director<\/td>\r\n<td>\u02c5<\/td>\r\n<td>\u02c5<\/td>\r\n<td>\u02c5<\/td>\r\n<td>\u02c5<\/td>\r\n<td>\u02c5<\/td>\r\n<td>\u02c5<\/td>\r\n<\/tr>\r\n<tr>\r\n<td>Deputy Director<\/td>\r\n<td>\u02c5<\/td>\r\n<td>\u02c5<\/td>\r\n<td>\u02c5<\/td>\r\n<td>\u02c5<\/td>\r\n<td>\u02c5<\/td>\r\n<td>\u02c5<\/td>\r\n<\/tr>\r\n<tr>\r\n<td>Accountant<\/td>\r\n<td>\u02c5<\/td>\r\n<td>\u02c5<\/td>\r\n<td>\u02c5<\/td>\r\n<td>\u02c5<\/td>\r\n<td>\u02c5<\/td>\r\n<td>\u02c5<\/td>\r\n<\/tr>\r\n<\/tbody>\r\n<\/table>\r\n<h3><\/h3>\r\n<strong>Documents for download:<\/strong>\r\n\r\n<strong>2023-2025<\/strong>\r\n\r\n<a href=\"http:\/\/www.visit-palanga.lt\/wp-content\/uploads\/2023\/06\/Korupcijos-prevencijos-2023-2025-metu-programa.pdf\">Palanga Tourism Information Center Corruption Prevention Program for 2023-2025 <\/a>\r\n\r\n<a href=\"http:\/\/www.visit-palanga.lt\/wp-content\/uploads\/2023\/06\/Korupcijos-prevencijos-programos-priemoniu-igyvendinimas-2023-2025-m.pdf\">Implementation of the Palanga Tourism Information Center's Corruption Prevention Program for 2023-2025. <\/a>\r\n\r\n<strong>2019-2021<\/strong>\r\n\r\n<a href=\"https:\/\/www.palangatic.lt\/data\/ckfinder\/files\/Korupcijos%20prevencijos%20programa%202019%20-%202021%20m_(1).pdf\">Palanga TIC Corruption Prevention Program for 2019-2021<\/a>\r\n\r\n<a href=\"https:\/\/www.visit-palanga.lt\/wp-content\/uploads\/2022\/03\/Palangos-TIC-Korupcijos-prevencijos-priemoniu-planas-2019-2021-m_.pdf\">Palanga TIC Corruption Prevention Program Action Plan for 2019\u20132021<\/a>\r\n\r\n<a href=\"https:\/\/www.visit-palanga.lt\/wp-content\/uploads\/2022\/03\/Korupcijos-prevencijos-ataskaita-2019-m_2.pdf\">Corruption Prevention Report 2019<\/a>\r\n\r\n<a href=\"https:\/\/www.visit-palanga.lt\/wp-content\/uploads\/2022\/03\/Isvada-del-korupcijos-pasireiskimo-tikimybes-nustatymo-2019-m_2.pdf\">Conclusion on the assessment of the likelihood of corruption in 2019.<\/a>\r\n\r\n<strong>2017-2018<\/strong>\r\n\r\n<a href=\"https:\/\/www.visit-palanga.lt\/wp-content\/uploads\/2022\/03\/Korupcijos-prevencijos-programa-2017-2018-m_.pdf\">Palanga TIC corruption prevention program for 2017-2018<\/a>\r\n\r\n<a href=\"https:\/\/www.visit-palanga.lt\/wp-content\/uploads\/2022\/03\/Palangos-TIC-Korupcijos-prevencijos-priemoniu-planas-2017-2018-m_.pdf\">Palanga TIC Corruption Prevention Program Action Plan for 2017\u20132018<\/a>\r\n\r\n<a href=\"https:\/\/www.visit-palanga.lt\/wp-content\/uploads\/2022\/03\/Korupcijos-prevencijos-ataskaita-2017-m_.pdf\">Corruption Prevention Report 2017<\/a>\r\n\r\n<a href=\"https:\/\/www.visit-palanga.lt\/wp-content\/uploads\/2022\/03\/Isvada-del-korupcijos-pasireiskimo-tikimybes-nustatymo-2017-m_.pdf\">Conclusion on the assessment of the likelihood of corruption in 2017<\/a>\r\n\r\n<a href=\"https:\/\/www.visit-palanga.lt\/wp-content\/uploads\/2022\/03\/Korupcijos-prevencijos-ataskaita-2018-m_1.pdf\">Corruption Prevention Report 2018<\/a>\r\n\r\n<a href=\"https:\/\/www.visit-palanga.lt\/wp-content\/uploads\/2022\/03\/Isvada-del-korupcijos-pasireiskimo-tikimybes-nustatymo-2018-m_.pdf\">Conclusion on the assessment of the likelihood of corruption in 2018<\/a>\r\n\r\n<\/div>"},"_links":{"self":[{"href":"https:\/\/www.visit-palanga.lt\/en\/wp-json\/wp\/v2\/pages\/22396","targetHints":{"allow":["GET"]}}],"collection":[{"href":"https:\/\/www.visit-palanga.lt\/en\/wp-json\/wp\/v2\/pages"}],"about":[{"href":"https:\/\/www.visit-palanga.lt\/en\/wp-json\/wp\/v2\/types\/page"}],"author":[{"embeddable":true,"href":"https:\/\/www.visit-palanga.lt\/en\/wp-json\/wp\/v2\/users\/1"}],"replies":[{"embeddable":true,"href":"https:\/\/www.visit-palanga.lt\/en\/wp-json\/wp\/v2\/comments?post=22396"}],"version-history":[{"count":3,"href":"https:\/\/www.visit-palanga.lt\/en\/wp-json\/wp\/v2\/pages\/22396\/revisions"}],"predecessor-version":[{"id":55460,"href":"https:\/\/www.visit-palanga.lt\/en\/wp-json\/wp\/v2\/pages\/22396\/revisions\/55460"}],"wp:attachment":[{"href":"https:\/\/www.visit-palanga.lt\/en\/wp-json\/wp\/v2\/media?parent=22396"}],"curies":[{"name":"wp","href":"https:\/\/api.w.org\/{rel}","templated":true}]}}