{"id":22346,"date":"2022-01-19T10:45:08","date_gmt":"2022-01-19T08:45:08","guid":{"rendered":"https:\/\/www.visit-palanga.lt\/struktura-ir-kontaktai\/"},"modified":"2022-12-20T16:08:57","modified_gmt":"2022-12-20T14:08:57","slug":"structure-and-contacts","status":"publish","type":"page","link":"https:\/\/www.visit-palanga.lt\/en\/about-palanga-tic\/structure-and-contacts\/","title":{"rendered":"Structure and contacts"},"content":{"rendered":"","protected":false},"excerpt":{"rendered":"","protected":false},"author":1,"featured_media":0,"parent":22482,"menu_order":0,"comment_status":"closed","ping_status":"closed","template":"templates\/page-text.php","meta":{"_acf_changed":false,"inline_featured_image":false,"footnotes":""},"class_list":["post-22346","page","type-page","status-publish","hentry"],"acf":{"tekstinis_puslapis_tekstas":"<img class=\"alignnone size-medium wp-image-1376\" src=\"https:\/\/www.visit-palanga.lt\/wp-content\/uploads\/2022\/01\/Palanga_logo_spalvotas1-300x194.jpg\" alt=\"\" width=\"300\" height=\"194\" \/>\r\n\r\n<strong>Palanga tourism information center staff<\/strong>\r\n<table width=\"528\">\r\n<tbody>\r\n<tr>\r\n<td><strong>Name, surname<\/strong><\/td>\r\n<td><strong>Position<\/strong><\/td>\r\n<\/tr>\r\n<tr>\r\n<td>Rasa Kmitien\u0117\r\n\r\ntel. +370 460 48822\r\n\r\nmob. tel. +370 674 10608\r\n\r\nmob.tel. +370 656 84886\r\n\r\n<a href=\"mailto:rasa.kmitiene@visit-palanga.lt\">rasa.kmitiene@visit-palanga.lt<\/a>\r\n\r\n<a href=\"mailto:info@visit-palanga.lt\">info@visit-palanga.lt<\/a>\r\n\r\n<a href=\"https:\/\/www.visit-palanga.lt\/wp-content\/uploads\/2022\/04\/RASA-KMITIENE_CV_interneto-svetainei.pdf\">Curriculum Vitae (CV)<\/a><\/td>\r\n<td>Director<\/td>\r\n<\/tr>\r\n<tr>\r\n<td>-<\/td>\r\n<td>Deputy Director<\/td>\r\n<\/tr>\r\n<tr>\r\n<td>Laura Kubili\u016bt\u0117\r\n\r\ntel. +370\u00a0460 48811\r\n\r\nmob. tel. +370\u00a0674 37100\r\n\r\n<a href=\"mailto:laura.kubiliute@visit-palanga.lt\">laura.kubiliute@visit-palanga.lt<\/a><\/td>\r\n<td>Tourism Manager<\/td>\r\n<\/tr>\r\n<tr>\r\n<td>Sonata Kedien\u0117\r\n\r\ntel. +370 460 48811\r\n\r\n<a href=\"mailto:sonata.kediene@visit-palanga.lt\">sonata.kediene@visit-palanga.lt<\/a><\/td>\r\n<td>Tourism Manager<\/td>\r\n<\/tr>\r\n<tr>\r\n<td>Au\u0161ra Stankevi\u010dien\u0117\r\n\r\ntel. +370 460 48811\r\n\r\n<a href=\"mailto:ausra.stankeviciene@visit-palanga.lt\">ausra.stankeviciene@visit-palanga.lt<\/a>\r\n\r\n&nbsp;<\/td>\r\n<td>Tourism Information Specialist<\/td>\r\n<\/tr>\r\n<tr>\r\n<td>Viktorija Mar\u010diu\u0161kien\u0117\r\n\r\n<em>(temporarily out of work)<\/em>\r\n\r\n&nbsp;<\/td>\r\n<td>Tourism Manager<\/td>\r\n<\/tr>\r\n<tr>\r\n<td>Gint\u0117 Monstvilien\u0117\r\n\r\n<em>(temporarily out of work)<\/em>\r\n\r\n&nbsp;<\/td>\r\n<td>Tourism Information Specialist<\/td>\r\n<\/tr>\r\n<tr>\r\n<td>Mindaugas Valaitis\r\n\r\nTel. +370 460 48811\r\n\r\n<a href=\"mailto:it@visit-palanga.lt\">it@visit-palanga.lt<\/a><\/td>\r\n<td>IT Specialist<\/td>\r\n<\/tr>\r\n<tr>\r\n<td>Inga Stonkien\u0117\r\n\r\nTel. +370 460 45005\r\n\r\n<a href=\"mailto:inga.stonkiene@visit-palanga.lt\">inga.stonkiene@visit-palanga.lt<\/a><\/td>\r\n<td>Accountant<\/td>\r\n<\/tr>\r\n<tr>\r\n<td>Remigijus Narmontas\r\n\r\ntel. +370 460 48811<\/td>\r\n<td>Specialist in Energetics<\/td>\r\n<\/tr>\r\n<tr>\r\n<td>Asta Oginskien\u0117<\/td>\r\n<td>Office-cleaner<\/td>\r\n<\/tr>\r\n<\/tbody>\r\n<\/table>"},"_links":{"self":[{"href":"https:\/\/www.visit-palanga.lt\/en\/wp-json\/wp\/v2\/pages\/22346","targetHints":{"allow":["GET"]}}],"collection":[{"href":"https:\/\/www.visit-palanga.lt\/en\/wp-json\/wp\/v2\/pages"}],"about":[{"href":"https:\/\/www.visit-palanga.lt\/en\/wp-json\/wp\/v2\/types\/page"}],"author":[{"embeddable":true,"href":"https:\/\/www.visit-palanga.lt\/en\/wp-json\/wp\/v2\/users\/1"}],"replies":[{"embeddable":true,"href":"https:\/\/www.visit-palanga.lt\/en\/wp-json\/wp\/v2\/comments?post=22346"}],"version-history":[{"count":3,"href":"https:\/\/www.visit-palanga.lt\/en\/wp-json\/wp\/v2\/pages\/22346\/revisions"}],"predecessor-version":[{"id":54820,"href":"https:\/\/www.visit-palanga.lt\/en\/wp-json\/wp\/v2\/pages\/22346\/revisions\/54820"}],"up":[{"embeddable":true,"href":"https:\/\/www.visit-palanga.lt\/en\/wp-json\/wp\/v2\/pages\/22482"}],"wp:attachment":[{"href":"https:\/\/www.visit-palanga.lt\/en\/wp-json\/wp\/v2\/media?parent=22346"}],"curies":[{"name":"wp","href":"https:\/\/api.w.org\/{rel}","templated":true}]}}